{"id":30302,"date":"2020-02-26T11:05:37","date_gmt":"2020-02-26T11:05:37","guid":{"rendered":"https:\/\/cd.unatemplate.com\/?product=caffe-noisette"},"modified":"2026-02-02T08:50:13","modified_gmt":"2026-02-02T08:50:13","slug":"caffe-noisette","status":"publish","type":"product","link":"https:\/\/cd.unatemplate.com\/?product=caffe-noisette","title":{"rendered":"Caff\u00e8 NOISETTE"},"content":{"rendered":"<p>Un vero caff\u00e8, ma col sapore di nocciola. Questo solubile privo di latte consente di assaporare entrambi gli aromi. Ottimo da bere per un break, pu\u00f2 anche sostituire il caff\u00e8 dopo il pasto.<\/p>\n<p>Dosaggio consigliato: caff\u00e8 lungo.<\/p>\n<p>Il prodotto \u00e8 gi\u00e0 zuccherato. Ingredienti: zucchero, grassi vegetali idrogenati, sciroppo di glucosio, caff\u00e8 solubile (12%), proteine del latte, stabilizzante (E340), emulsionanti (E471, E551) e aromi. Pu\u00f2 contenere tracce di lattosio e glutine.<\/p>\n","protected":false},"excerpt":{"rendered":"<p>Caff\u00e8 aromatizzato alla Nocciola in capsule monodose da 8g confezionate singolarmente.<\/p>\n","protected":false},"featured_media":30300,"comment_status":"open","ping_status":"closed","template":"","meta":[],"product_brand":[],"product_cat":[110,109,115],"product_tag":[],"class_list":{"0":"post-30302","1":"product","2":"type-product","3":"status-publish","4":"has-post-thumbnail","6":"product_cat-capsule-caffe-donatello","7":"product_cat-home","8":"product_cat-caffe-aromatizzati","9":"pa_formato-cb-capsulecaffedonatelloespr","10":"pa_quantitacapsule-25capsule","11":"pa_quantitacapsule-50capsule","13":"first","14":"instock","15":"taxable","16":"shipping-taxable","17":"purchasable","18":"product-type-variable","19":"has-default-attributes"},"yoast_head":"<!-- This site is optimized with the Yoast SEO Premium plugin v26.6 (Yoast SEO v27.0) - https:\/\/yoast.com\/product\/yoast-seo-premium-wordpress\/ -->\n<title>Caff\u00e8 Donatello - capsule di caff\u00e8 NOISETTE<\/title>\n<meta name=\"description\" content=\"Un vero caff\u00e8 ma col sapore di nocciola, questo solubile privo di latte consente di assaporare entrambi gli aromi. Ottimo da bere per un break, pu\u00f2 anche sostituire il caff\u00e8 dopo il pasto.\" \/>\n<meta name=\"robots\" content=\"index, follow, max-snippet:-1, max-image-preview:large, max-video-preview:-1\" \/>\n<link rel=\"canonical\" href=\"https:\/\/cd.unatemplate.com\/?product=caffe-noisette\" \/>\n<meta property=\"og:locale\" content=\"it_IT\" \/>\n<meta property=\"og:type\" content=\"article\" \/>\n<meta property=\"og:title\" content=\"Caff\u00e8 NOISETTE\" \/>\n<meta property=\"og:description\" content=\"Un vero caff\u00e8 ma col sapore di nocciola, questo solubile privo di latte consente di assaporare entrambi gli aromi. Ottimo da bere per un break, pu\u00f2 anche sostituire il caff\u00e8 dopo il pasto.\" \/>\n<meta property=\"og:url\" content=\"https:\/\/cd.unatemplate.com\/?product=caffe-noisette\" \/>\n<meta property=\"og:site_name\" content=\"Caff\u00e8 Donatello\" \/>\n<meta property=\"article:modified_time\" content=\"2026-02-02T08:50:13+00:00\" \/>\n<meta property=\"og:image\" content=\"https:\/\/cd.unatemplate.com\/wp-content\/uploads\/2020\/02\/216-f1c-Caffe-NOISETTE.jpg\" \/>\n\t<meta property=\"og:image:width\" content=\"800\" \/>\n\t<meta property=\"og:image:height\" content=\"800\" \/>\n\t<meta property=\"og:image:type\" content=\"image\/jpeg\" \/>\n<meta name=\"twitter:card\" content=\"summary_large_image\" \/>\n<meta name=\"twitter:label1\" content=\"Disponibilit\u00e0\" \/>\n\t<meta name=\"twitter:data1\" content=\"In stock\" \/>\n<script type=\"application\/ld+json\" class=\"yoast-schema-graph\">{\"@context\":\"https:\/\/schema.org\",\"@graph\":[{\"@type\":[\"WebPage\",\"ItemPage\"],\"@id\":\"https:\/\/cd.unatemplate.com\/?product=caffe-noisette\",\"url\":\"https:\/\/cd.unatemplate.com\/?product=caffe-noisette\",\"name\":\"Caff\u00e8 Donatello - capsule di caff\u00e8 NOISETTE\",\"isPartOf\":{\"@id\":\"https:\/\/cd.unatemplate.com\/#website\"},\"primaryImageOfPage\":{\"@id\":\"https:\/\/cd.unatemplate.com\/?product=caffe-noisette#primaryimage\"},\"image\":{\"@id\":\"https:\/\/cd.unatemplate.com\/?product=caffe-noisette#primaryimage\"},\"thumbnailUrl\":\"https:\/\/cd.unatemplate.com\/wp-content\/uploads\/2020\/02\/216-f1c-Caffe-NOISETTE.jpg\",\"datePublished\":\"2020-02-26T11:05:37+00:00\",\"dateModified\":\"2026-02-02T08:50:13+00:00\",\"description\":\"Un vero caff\u00e8 ma col sapore di nocciola, questo solubile privo di latte consente di assaporare entrambi gli aromi. Ottimo da bere per un break, pu\u00f2 anche sostituire il caff\u00e8 dopo il pasto.\",\"breadcrumb\":{\"@id\":\"https:\/\/cd.unatemplate.com\/?product=caffe-noisette#breadcrumb\"},\"inLanguage\":\"it-IT\",\"potentialAction\":[{\"@type\":\"ReadAction\",\"target\":[\"https:\/\/cd.unatemplate.com\/?product=caffe-noisette\"]}]},{\"@type\":\"ImageObject\",\"inLanguage\":\"it-IT\",\"@id\":\"https:\/\/cd.unatemplate.com\/?product=caffe-noisette#primaryimage\",\"url\":\"https:\/\/cd.unatemplate.com\/wp-content\/uploads\/2020\/02\/216-f1c-Caffe-NOISETTE.jpg\",\"contentUrl\":\"https:\/\/cd.unatemplate.com\/wp-content\/uploads\/2020\/02\/216-f1c-Caffe-NOISETTE.jpg\",\"width\":800,\"height\":800,\"caption\":\"Caff\u00e8 NOISETTE\"},{\"@type\":\"BreadcrumbList\",\"@id\":\"https:\/\/cd.unatemplate.com\/?product=caffe-noisette#breadcrumb\",\"itemListElement\":[{\"@type\":\"ListItem\",\"position\":1,\"name\":\"Home\",\"item\":\"https:\/\/cd.unatemplate.com\/\"},{\"@type\":\"ListItem\",\"position\":2,\"name\":\"Shop\",\"item\":\"https:\/\/cd.unatemplate.com\/?page_id=30263\"},{\"@type\":\"ListItem\",\"position\":3,\"name\":\"Caff\u00e8 NOISETTE\"}]},{\"@type\":\"WebSite\",\"@id\":\"https:\/\/cd.unatemplate.com\/#website\",\"url\":\"https:\/\/cd.unatemplate.com\/\",\"name\":\"Caff\u00e8 Donatello\",\"description\":\"\",\"potentialAction\":[{\"@type\":\"SearchAction\",\"target\":{\"@type\":\"EntryPoint\",\"urlTemplate\":\"https:\/\/cd.unatemplate.com\/?s={search_term_string}\"},\"query-input\":{\"@type\":\"PropertyValueSpecification\",\"valueRequired\":true,\"valueName\":\"search_term_string\"}}],\"inLanguage\":\"it-IT\"}]}<\/script>\n<meta property=\"og:availability\" content=\"instock\" \/>\n<meta property=\"product:availability\" content=\"instock\" \/>\n<meta property=\"product:condition\" content=\"new\" \/>\n<!-- \/ Yoast SEO Premium plugin. -->","yoast_head_json":{"title":"Caff\u00e8 Donatello - capsule di caff\u00e8 NOISETTE","description":"Un vero caff\u00e8 ma col sapore di nocciola, questo solubile privo di latte consente di assaporare entrambi gli aromi. Ottimo da bere per un break, pu\u00f2 anche sostituire il caff\u00e8 dopo il pasto.","robots":{"index":"index","follow":"follow","max-snippet":"max-snippet:-1","max-image-preview":"max-image-preview:large","max-video-preview":"max-video-preview:-1"},"canonical":"https:\/\/cd.unatemplate.com\/?product=caffe-noisette","og_locale":"it_IT","og_type":"article","og_title":"Caff\u00e8 NOISETTE","og_description":"Un vero caff\u00e8 ma col sapore di nocciola, questo solubile privo di latte consente di assaporare entrambi gli aromi. Ottimo da bere per un break, pu\u00f2 anche sostituire il caff\u00e8 dopo il pasto.","og_url":"https:\/\/cd.unatemplate.com\/?product=caffe-noisette","og_site_name":"Caff\u00e8 Donatello","article_modified_time":"2026-02-02T08:50:13+00:00","og_image":[{"width":800,"height":800,"url":"https:\/\/cd.unatemplate.com\/wp-content\/uploads\/2020\/02\/216-f1c-Caffe-NOISETTE.jpg","type":"image\/jpeg"}],"twitter_card":"summary_large_image","twitter_misc":{"Disponibilit\u00e0":"In stock"},"schema":{"@context":"https:\/\/schema.org","@graph":[{"@type":["WebPage","ItemPage"],"@id":"https:\/\/cd.unatemplate.com\/?product=caffe-noisette","url":"https:\/\/cd.unatemplate.com\/?product=caffe-noisette","name":"Caff\u00e8 Donatello - capsule di caff\u00e8 NOISETTE","isPartOf":{"@id":"https:\/\/cd.unatemplate.com\/#website"},"primaryImageOfPage":{"@id":"https:\/\/cd.unatemplate.com\/?product=caffe-noisette#primaryimage"},"image":{"@id":"https:\/\/cd.unatemplate.com\/?product=caffe-noisette#primaryimage"},"thumbnailUrl":"https:\/\/cd.unatemplate.com\/wp-content\/uploads\/2020\/02\/216-f1c-Caffe-NOISETTE.jpg","datePublished":"2020-02-26T11:05:37+00:00","dateModified":"2026-02-02T08:50:13+00:00","description":"Un vero caff\u00e8 ma col sapore di nocciola, questo solubile privo di latte consente di assaporare entrambi gli aromi. Ottimo da bere per un break, pu\u00f2 anche sostituire il caff\u00e8 dopo il pasto.","breadcrumb":{"@id":"https:\/\/cd.unatemplate.com\/?product=caffe-noisette#breadcrumb"},"inLanguage":"it-IT","potentialAction":[{"@type":"ReadAction","target":["https:\/\/cd.unatemplate.com\/?product=caffe-noisette"]}]},{"@type":"ImageObject","inLanguage":"it-IT","@id":"https:\/\/cd.unatemplate.com\/?product=caffe-noisette#primaryimage","url":"https:\/\/cd.unatemplate.com\/wp-content\/uploads\/2020\/02\/216-f1c-Caffe-NOISETTE.jpg","contentUrl":"https:\/\/cd.unatemplate.com\/wp-content\/uploads\/2020\/02\/216-f1c-Caffe-NOISETTE.jpg","width":800,"height":800,"caption":"Caff\u00e8 NOISETTE"},{"@type":"BreadcrumbList","@id":"https:\/\/cd.unatemplate.com\/?product=caffe-noisette#breadcrumb","itemListElement":[{"@type":"ListItem","position":1,"name":"Home","item":"https:\/\/cd.unatemplate.com\/"},{"@type":"ListItem","position":2,"name":"Shop","item":"https:\/\/cd.unatemplate.com\/?page_id=30263"},{"@type":"ListItem","position":3,"name":"Caff\u00e8 NOISETTE"}]},{"@type":"WebSite","@id":"https:\/\/cd.unatemplate.com\/#website","url":"https:\/\/cd.unatemplate.com\/","name":"Caff\u00e8 Donatello","description":"","potentialAction":[{"@type":"SearchAction","target":{"@type":"EntryPoint","urlTemplate":"https:\/\/cd.unatemplate.com\/?s={search_term_string}"},"query-input":{"@type":"PropertyValueSpecification","valueRequired":true,"valueName":"search_term_string"}}],"inLanguage":"it-IT"}]},"og_availability":"instock","product_availability":"instock","product_condition":"new"},"_links":{"self":[{"href":"https:\/\/cd.unatemplate.com\/index.php?rest_route=\/wp\/v2\/product\/30302","targetHints":{"allow":["GET"]}}],"collection":[{"href":"https:\/\/cd.unatemplate.com\/index.php?rest_route=\/wp\/v2\/product"}],"about":[{"href":"https:\/\/cd.unatemplate.com\/index.php?rest_route=\/wp\/v2\/types\/product"}],"replies":[{"embeddable":true,"href":"https:\/\/cd.unatemplate.com\/index.php?rest_route=%2Fwp%2Fv2%2Fcomments&post=30302"}],"version-history":[{"count":1,"href":"https:\/\/cd.unatemplate.com\/index.php?rest_route=\/wp\/v2\/product\/30302\/revisions"}],"predecessor-version":[{"id":31327,"href":"https:\/\/cd.unatemplate.com\/index.php?rest_route=\/wp\/v2\/product\/30302\/revisions\/31327"}],"wp:featuredmedia":[{"embeddable":true,"href":"https:\/\/cd.unatemplate.com\/index.php?rest_route=\/wp\/v2\/media\/30300"}],"wp:attachment":[{"href":"https:\/\/cd.unatemplate.com\/index.php?rest_route=%2Fwp%2Fv2%2Fmedia&parent=30302"}],"wp:term":[{"taxonomy":"product_brand","embeddable":true,"href":"https:\/\/cd.unatemplate.com\/index.php?rest_route=%2Fwp%2Fv2%2Fproduct_brand&post=30302"},{"taxonomy":"product_cat","embeddable":true,"href":"https:\/\/cd.unatemplate.com\/index.php?rest_route=%2Fwp%2Fv2%2Fproduct_cat&post=30302"},{"taxonomy":"product_tag","embeddable":true,"href":"https:\/\/cd.unatemplate.com\/index.php?rest_route=%2Fwp%2Fv2%2Fproduct_tag&post=30302"}],"curies":[{"name":"wp","href":"https:\/\/api.w.org\/{rel}","templated":true}]}}