{"id":30317,"date":"2020-02-26T13:46:42","date_gmt":"2020-02-26T13:46:42","guid":{"rendered":"https:\/\/cd.unatemplate.com\/?product=caramel"},"modified":"2026-02-02T08:50:03","modified_gmt":"2026-02-02T08:50:03","slug":"caramel","status":"publish","type":"product","link":"https:\/\/cd.unatemplate.com\/?product=caramel","title":{"rendered":"CARAMEL"},"content":{"rendered":"<p>Bevanda aromatica che si pone tra la dolcissima vaniglia e la pi\u00f9 forte nocciola, ha un sapore gradevole per un fine pasto e si accompagna benissimo al dolce.<\/p>\n<p>Dosaggio consigliato: caff\u00e8 lungo<\/p>\n<p>Il prodotto \u00e8 gi\u00e0 zuccherato. Ingredienti: zucchero, latte scremato in polvere, grasso vegetale idrogenato, sciroppo di glucosio, caff\u00e8 istantaneo (4%), cacao magro in polvere (3%), lattosio, proteine del latte, stabilizzanti (E340, E452), sale, emulsionante (E471), anti-agglomerante (E341) e aromi. Pu\u00f2 contenere tracce di glutine.<\/p>\n","protected":false},"excerpt":{"rendered":"<p>Caff\u00e8 aromatizzato al caramello in capsule monodose da 8 grammi confezionate singolarmente.<\/p>\n","protected":false},"featured_media":30315,"comment_status":"open","ping_status":"closed","template":"","meta":[],"product_brand":[],"product_cat":[110,115],"product_tag":[],"class_list":{"0":"post-30317","1":"product","2":"type-product","3":"status-publish","4":"has-post-thumbnail","6":"product_cat-capsule-caffe-donatello","7":"product_cat-caffe-aromatizzati","8":"pa_formato-cb-capsulecaffedonatelloespr","9":"pa_quantitacapsule-25capsule","10":"pa_quantitacapsule-50capsule","12":"first","13":"instock","14":"taxable","15":"shipping-taxable","16":"purchasable","17":"product-type-variable","18":"has-default-attributes"},"yoast_head":"<!-- This site is optimized with the Yoast SEO Premium plugin v26.6 (Yoast SEO v27.0) - https:\/\/yoast.com\/product\/yoast-seo-premium-wordpress\/ -->\n<title>Caff\u00e8 Donatello - capsule di CARAMEL<\/title>\n<meta name=\"description\" content=\"Bevanda aromatica dal sapore gradevole di caramello adatta per un fine pasto; si accompagna benissimo al dolce.\" \/>\n<meta name=\"robots\" content=\"index, follow, max-snippet:-1, max-image-preview:large, max-video-preview:-1\" \/>\n<link rel=\"canonical\" href=\"https:\/\/cd.unatemplate.com\/?product=caramel\" \/>\n<meta property=\"og:locale\" content=\"it_IT\" \/>\n<meta property=\"og:type\" content=\"article\" \/>\n<meta property=\"og:title\" content=\"CARAMEL\" \/>\n<meta property=\"og:description\" content=\"Bevanda aromatica dal sapore gradevole di caramello adatta per un fine pasto; si accompagna benissimo al dolce.\" \/>\n<meta property=\"og:url\" content=\"https:\/\/cd.unatemplate.com\/?product=caramel\" \/>\n<meta property=\"og:site_name\" content=\"Caff\u00e8 Donatello\" \/>\n<meta property=\"article:modified_time\" content=\"2026-02-02T08:50:03+00:00\" \/>\n<meta property=\"og:image\" content=\"https:\/\/cd.unatemplate.com\/wp-content\/uploads\/2020\/02\/218-863-CARAMEL.jpg\" \/>\n\t<meta property=\"og:image:width\" content=\"800\" \/>\n\t<meta property=\"og:image:height\" content=\"800\" \/>\n\t<meta property=\"og:image:type\" content=\"image\/jpeg\" \/>\n<meta name=\"twitter:card\" content=\"summary_large_image\" \/>\n<meta name=\"twitter:label1\" content=\"Disponibilit\u00e0\" \/>\n\t<meta name=\"twitter:data1\" content=\"In stock\" \/>\n<script type=\"application\/ld+json\" class=\"yoast-schema-graph\">{\"@context\":\"https:\/\/schema.org\",\"@graph\":[{\"@type\":[\"WebPage\",\"ItemPage\"],\"@id\":\"https:\/\/cd.unatemplate.com\/?product=caramel\",\"url\":\"https:\/\/cd.unatemplate.com\/?product=caramel\",\"name\":\"Caff\u00e8 Donatello - capsule di CARAMEL\",\"isPartOf\":{\"@id\":\"https:\/\/cd.unatemplate.com\/#website\"},\"primaryImageOfPage\":{\"@id\":\"https:\/\/cd.unatemplate.com\/?product=caramel#primaryimage\"},\"image\":{\"@id\":\"https:\/\/cd.unatemplate.com\/?product=caramel#primaryimage\"},\"thumbnailUrl\":\"https:\/\/cd.unatemplate.com\/wp-content\/uploads\/2020\/02\/218-863-CARAMEL.jpg\",\"datePublished\":\"2020-02-26T13:46:42+00:00\",\"dateModified\":\"2026-02-02T08:50:03+00:00\",\"description\":\"Bevanda aromatica dal sapore gradevole di caramello adatta per un fine pasto; si accompagna benissimo al dolce.\",\"breadcrumb\":{\"@id\":\"https:\/\/cd.unatemplate.com\/?product=caramel#breadcrumb\"},\"inLanguage\":\"it-IT\",\"potentialAction\":[{\"@type\":\"ReadAction\",\"target\":[\"https:\/\/cd.unatemplate.com\/?product=caramel\"]}]},{\"@type\":\"ImageObject\",\"inLanguage\":\"it-IT\",\"@id\":\"https:\/\/cd.unatemplate.com\/?product=caramel#primaryimage\",\"url\":\"https:\/\/cd.unatemplate.com\/wp-content\/uploads\/2020\/02\/218-863-CARAMEL.jpg\",\"contentUrl\":\"https:\/\/cd.unatemplate.com\/wp-content\/uploads\/2020\/02\/218-863-CARAMEL.jpg\",\"width\":800,\"height\":800,\"caption\":\"CARAMEL\"},{\"@type\":\"BreadcrumbList\",\"@id\":\"https:\/\/cd.unatemplate.com\/?product=caramel#breadcrumb\",\"itemListElement\":[{\"@type\":\"ListItem\",\"position\":1,\"name\":\"Home\",\"item\":\"https:\/\/cd.unatemplate.com\/\"},{\"@type\":\"ListItem\",\"position\":2,\"name\":\"Shop\",\"item\":\"https:\/\/cd.unatemplate.com\/?page_id=30263\"},{\"@type\":\"ListItem\",\"position\":3,\"name\":\"CARAMEL\"}]},{\"@type\":\"WebSite\",\"@id\":\"https:\/\/cd.unatemplate.com\/#website\",\"url\":\"https:\/\/cd.unatemplate.com\/\",\"name\":\"Caff\u00e8 Donatello\",\"description\":\"\",\"potentialAction\":[{\"@type\":\"SearchAction\",\"target\":{\"@type\":\"EntryPoint\",\"urlTemplate\":\"https:\/\/cd.unatemplate.com\/?s={search_term_string}\"},\"query-input\":{\"@type\":\"PropertyValueSpecification\",\"valueRequired\":true,\"valueName\":\"search_term_string\"}}],\"inLanguage\":\"it-IT\"}]}<\/script>\n<meta property=\"og:availability\" content=\"instock\" \/>\n<meta property=\"product:availability\" content=\"instock\" \/>\n<meta property=\"product:condition\" content=\"new\" \/>\n<!-- \/ Yoast SEO Premium plugin. -->","yoast_head_json":{"title":"Caff\u00e8 Donatello - capsule di CARAMEL","description":"Bevanda aromatica dal sapore gradevole di caramello adatta per un fine pasto; si accompagna benissimo al dolce.","robots":{"index":"index","follow":"follow","max-snippet":"max-snippet:-1","max-image-preview":"max-image-preview:large","max-video-preview":"max-video-preview:-1"},"canonical":"https:\/\/cd.unatemplate.com\/?product=caramel","og_locale":"it_IT","og_type":"article","og_title":"CARAMEL","og_description":"Bevanda aromatica dal sapore gradevole di caramello adatta per un fine pasto; si accompagna benissimo al dolce.","og_url":"https:\/\/cd.unatemplate.com\/?product=caramel","og_site_name":"Caff\u00e8 Donatello","article_modified_time":"2026-02-02T08:50:03+00:00","og_image":[{"width":800,"height":800,"url":"https:\/\/cd.unatemplate.com\/wp-content\/uploads\/2020\/02\/218-863-CARAMEL.jpg","type":"image\/jpeg"}],"twitter_card":"summary_large_image","twitter_misc":{"Disponibilit\u00e0":"In stock"},"schema":{"@context":"https:\/\/schema.org","@graph":[{"@type":["WebPage","ItemPage"],"@id":"https:\/\/cd.unatemplate.com\/?product=caramel","url":"https:\/\/cd.unatemplate.com\/?product=caramel","name":"Caff\u00e8 Donatello - capsule di CARAMEL","isPartOf":{"@id":"https:\/\/cd.unatemplate.com\/#website"},"primaryImageOfPage":{"@id":"https:\/\/cd.unatemplate.com\/?product=caramel#primaryimage"},"image":{"@id":"https:\/\/cd.unatemplate.com\/?product=caramel#primaryimage"},"thumbnailUrl":"https:\/\/cd.unatemplate.com\/wp-content\/uploads\/2020\/02\/218-863-CARAMEL.jpg","datePublished":"2020-02-26T13:46:42+00:00","dateModified":"2026-02-02T08:50:03+00:00","description":"Bevanda aromatica dal sapore gradevole di caramello adatta per un fine pasto; si accompagna benissimo al dolce.","breadcrumb":{"@id":"https:\/\/cd.unatemplate.com\/?product=caramel#breadcrumb"},"inLanguage":"it-IT","potentialAction":[{"@type":"ReadAction","target":["https:\/\/cd.unatemplate.com\/?product=caramel"]}]},{"@type":"ImageObject","inLanguage":"it-IT","@id":"https:\/\/cd.unatemplate.com\/?product=caramel#primaryimage","url":"https:\/\/cd.unatemplate.com\/wp-content\/uploads\/2020\/02\/218-863-CARAMEL.jpg","contentUrl":"https:\/\/cd.unatemplate.com\/wp-content\/uploads\/2020\/02\/218-863-CARAMEL.jpg","width":800,"height":800,"caption":"CARAMEL"},{"@type":"BreadcrumbList","@id":"https:\/\/cd.unatemplate.com\/?product=caramel#breadcrumb","itemListElement":[{"@type":"ListItem","position":1,"name":"Home","item":"https:\/\/cd.unatemplate.com\/"},{"@type":"ListItem","position":2,"name":"Shop","item":"https:\/\/cd.unatemplate.com\/?page_id=30263"},{"@type":"ListItem","position":3,"name":"CARAMEL"}]},{"@type":"WebSite","@id":"https:\/\/cd.unatemplate.com\/#website","url":"https:\/\/cd.unatemplate.com\/","name":"Caff\u00e8 Donatello","description":"","potentialAction":[{"@type":"SearchAction","target":{"@type":"EntryPoint","urlTemplate":"https:\/\/cd.unatemplate.com\/?s={search_term_string}"},"query-input":{"@type":"PropertyValueSpecification","valueRequired":true,"valueName":"search_term_string"}}],"inLanguage":"it-IT"}]},"og_availability":"instock","product_availability":"instock","product_condition":"new"},"_links":{"self":[{"href":"https:\/\/cd.unatemplate.com\/index.php?rest_route=\/wp\/v2\/product\/30317","targetHints":{"allow":["GET"]}}],"collection":[{"href":"https:\/\/cd.unatemplate.com\/index.php?rest_route=\/wp\/v2\/product"}],"about":[{"href":"https:\/\/cd.unatemplate.com\/index.php?rest_route=\/wp\/v2\/types\/product"}],"replies":[{"embeddable":true,"href":"https:\/\/cd.unatemplate.com\/index.php?rest_route=%2Fwp%2Fv2%2Fcomments&post=30317"}],"version-history":[{"count":1,"href":"https:\/\/cd.unatemplate.com\/index.php?rest_route=\/wp\/v2\/product\/30317\/revisions"}],"predecessor-version":[{"id":31310,"href":"https:\/\/cd.unatemplate.com\/index.php?rest_route=\/wp\/v2\/product\/30317\/revisions\/31310"}],"wp:featuredmedia":[{"embeddable":true,"href":"https:\/\/cd.unatemplate.com\/index.php?rest_route=\/wp\/v2\/media\/30315"}],"wp:attachment":[{"href":"https:\/\/cd.unatemplate.com\/index.php?rest_route=%2Fwp%2Fv2%2Fmedia&parent=30317"}],"wp:term":[{"taxonomy":"product_brand","embeddable":true,"href":"https:\/\/cd.unatemplate.com\/index.php?rest_route=%2Fwp%2Fv2%2Fproduct_brand&post=30317"},{"taxonomy":"product_cat","embeddable":true,"href":"https:\/\/cd.unatemplate.com\/index.php?rest_route=%2Fwp%2Fv2%2Fproduct_cat&post=30317"},{"taxonomy":"product_tag","embeddable":true,"href":"https:\/\/cd.unatemplate.com\/index.php?rest_route=%2Fwp%2Fv2%2Fproduct_tag&post=30317"}],"curies":[{"name":"wp","href":"https:\/\/api.w.org\/{rel}","templated":true}]}}