{"id":30350,"date":"2020-02-26T13:46:34","date_gmt":"2020-02-26T13:46:34","guid":{"rendered":"https:\/\/cd.unatemplate.com\/?product=camomilla-in-capsule-compatibili-lavazza-a-modo-mio"},"modified":"2026-02-02T08:49:45","modified_gmt":"2026-02-02T08:49:45","slug":"camomilla-in-capsule-compatibili-lavazza-a-modo-mio","status":"publish","type":"product","link":"https:\/\/cd.unatemplate.com\/?product=camomilla-in-capsule-compatibili-lavazza-a-modo-mio","title":{"rendered":"CAMOMILLA in capsule"},"content":{"rendered":"<p>La bevanda per tutte le et\u00e0 e per tutte le stagioni \u00e8 anche un prodotto solubile e gi\u00e0 zuccherato, pronto all&#8217;uso ogni giorno che vuoi come se la capsula fosse stata appena fatta. Aiutati a rilassarti, aiutati a riposare meglio.<\/p>\n<p>Dosaggio consigliato: un bicchiere grande di plastica (se si sceglie una quantit\u00e0 maggiore la bevanda pu\u00f2 risultare meno aromatica)<\/p>\n<p>Ingredienti:<\/p>\n<ul>\n<li>zucchero,<\/li>\n<li>estratto di camomilla 3.3%,<\/li>\n<li>sciroppo di glucosio.<\/li>\n<\/ul>\n","protected":false},"excerpt":{"rendered":"<p>Camomilla in capsule monodose da 6 grammi confezionate singolarmente.<\/p>\n","protected":false},"featured_media":30348,"comment_status":"open","ping_status":"closed","template":"","meta":[],"product_brand":[],"product_cat":[110,118,114],"product_tag":[],"class_list":{"0":"post-30350","1":"product","2":"type-product","3":"status-publish","4":"has-post-thumbnail","6":"product_cat-capsule-caffe-donatello","7":"product_cat-te-e-tisane-in-capsule-caffe-donatello","8":"product_cat-te-e-tisane-in-capsule-e-cialde","9":"pa_formato-cb-capsulecaffedonatelloespr","10":"pa_quantitacapsule-25capsule","11":"pa_quantitacapsule-50capsule","13":"first","14":"instock","15":"taxable","16":"shipping-taxable","17":"purchasable","18":"product-type-variable","19":"has-default-attributes"},"yoast_head":"<!-- This site is optimized with the Yoast SEO Premium plugin v26.6 (Yoast SEO v27.0) - https:\/\/yoast.com\/product\/yoast-seo-premium-wordpress\/ -->\n<title>Camomilla in capsule compatibili LAVAZZA A MODO MIO<\/title>\n<meta name=\"description\" content=\"La bevanda per tutte le et\u00e0 e per tutte le stagioni \u00e8 anche un prodotto solubile, gi\u00e0 zuccherato e pronto all&#039;uso. Aiuta a rilassarti e a riposare meglio.\" \/>\n<meta name=\"robots\" content=\"index, follow, max-snippet:-1, max-image-preview:large, max-video-preview:-1\" \/>\n<link rel=\"canonical\" href=\"https:\/\/cd.unatemplate.com\/?product=camomilla-in-capsule-compatibili-lavazza-a-modo-mio\" \/>\n<meta property=\"og:locale\" content=\"it_IT\" \/>\n<meta property=\"og:type\" content=\"article\" \/>\n<meta property=\"og:title\" content=\"CAMOMILLA in capsule\" \/>\n<meta property=\"og:description\" content=\"La bevanda per tutte le et\u00e0 e per tutte le stagioni \u00e8 anche un prodotto solubile, gi\u00e0 zuccherato e pronto all&#039;uso. Aiuta a rilassarti e a riposare meglio.\" \/>\n<meta property=\"og:url\" content=\"https:\/\/cd.unatemplate.com\/?product=camomilla-in-capsule-compatibili-lavazza-a-modo-mio\" \/>\n<meta property=\"og:site_name\" content=\"Caff\u00e8 Donatello\" \/>\n<meta property=\"article:modified_time\" content=\"2026-02-02T08:49:45+00:00\" \/>\n<meta property=\"og:image\" content=\"https:\/\/cd.unatemplate.com\/wp-content\/uploads\/2020\/02\/220-12e-CAMOMILLA-in-capsule.jpg\" \/>\n\t<meta property=\"og:image:width\" content=\"800\" \/>\n\t<meta property=\"og:image:height\" content=\"800\" \/>\n\t<meta property=\"og:image:type\" content=\"image\/jpeg\" \/>\n<meta name=\"twitter:card\" content=\"summary_large_image\" \/>\n<meta name=\"twitter:label1\" content=\"Disponibilit\u00e0\" \/>\n\t<meta name=\"twitter:data1\" content=\"In stock\" \/>\n<script type=\"application\/ld+json\" class=\"yoast-schema-graph\">{\"@context\":\"https:\/\/schema.org\",\"@graph\":[{\"@type\":[\"WebPage\",\"ItemPage\"],\"@id\":\"https:\/\/cd.unatemplate.com\/?product=camomilla-in-capsule-compatibili-lavazza-a-modo-mio\",\"url\":\"https:\/\/cd.unatemplate.com\/?product=camomilla-in-capsule-compatibili-lavazza-a-modo-mio\",\"name\":\"Camomilla in capsule compatibili LAVAZZA A MODO MIO\",\"isPartOf\":{\"@id\":\"https:\/\/cd.unatemplate.com\/#website\"},\"primaryImageOfPage\":{\"@id\":\"https:\/\/cd.unatemplate.com\/?product=camomilla-in-capsule-compatibili-lavazza-a-modo-mio#primaryimage\"},\"image\":{\"@id\":\"https:\/\/cd.unatemplate.com\/?product=camomilla-in-capsule-compatibili-lavazza-a-modo-mio#primaryimage\"},\"thumbnailUrl\":\"https:\/\/cd.unatemplate.com\/wp-content\/uploads\/2020\/02\/220-12e-CAMOMILLA-in-capsule.jpg\",\"datePublished\":\"2020-02-26T13:46:34+00:00\",\"dateModified\":\"2026-02-02T08:49:45+00:00\",\"description\":\"La bevanda per tutte le et\u00e0 e per tutte le stagioni \u00e8 anche un prodotto solubile, gi\u00e0 zuccherato e pronto all'uso. Aiuta a rilassarti e a riposare meglio.\",\"breadcrumb\":{\"@id\":\"https:\/\/cd.unatemplate.com\/?product=camomilla-in-capsule-compatibili-lavazza-a-modo-mio#breadcrumb\"},\"inLanguage\":\"it-IT\",\"potentialAction\":[{\"@type\":\"ReadAction\",\"target\":[\"https:\/\/cd.unatemplate.com\/?product=camomilla-in-capsule-compatibili-lavazza-a-modo-mio\"]}]},{\"@type\":\"ImageObject\",\"inLanguage\":\"it-IT\",\"@id\":\"https:\/\/cd.unatemplate.com\/?product=camomilla-in-capsule-compatibili-lavazza-a-modo-mio#primaryimage\",\"url\":\"https:\/\/cd.unatemplate.com\/wp-content\/uploads\/2020\/02\/220-12e-CAMOMILLA-in-capsule.jpg\",\"contentUrl\":\"https:\/\/cd.unatemplate.com\/wp-content\/uploads\/2020\/02\/220-12e-CAMOMILLA-in-capsule.jpg\",\"width\":800,\"height\":800,\"caption\":\"CAMOMILLA in capsule\"},{\"@type\":\"BreadcrumbList\",\"@id\":\"https:\/\/cd.unatemplate.com\/?product=camomilla-in-capsule-compatibili-lavazza-a-modo-mio#breadcrumb\",\"itemListElement\":[{\"@type\":\"ListItem\",\"position\":1,\"name\":\"Home\",\"item\":\"https:\/\/cd.unatemplate.com\/\"},{\"@type\":\"ListItem\",\"position\":2,\"name\":\"Shop\",\"item\":\"https:\/\/cd.unatemplate.com\/?page_id=30263\"},{\"@type\":\"ListItem\",\"position\":3,\"name\":\"CAMOMILLA in capsule\"}]},{\"@type\":\"WebSite\",\"@id\":\"https:\/\/cd.unatemplate.com\/#website\",\"url\":\"https:\/\/cd.unatemplate.com\/\",\"name\":\"Caff\u00e8 Donatello\",\"description\":\"\",\"potentialAction\":[{\"@type\":\"SearchAction\",\"target\":{\"@type\":\"EntryPoint\",\"urlTemplate\":\"https:\/\/cd.unatemplate.com\/?s={search_term_string}\"},\"query-input\":{\"@type\":\"PropertyValueSpecification\",\"valueRequired\":true,\"valueName\":\"search_term_string\"}}],\"inLanguage\":\"it-IT\"}]}<\/script>\n<meta property=\"og:availability\" content=\"instock\" \/>\n<meta property=\"product:availability\" content=\"instock\" \/>\n<meta property=\"product:condition\" content=\"new\" \/>\n<!-- \/ Yoast SEO Premium plugin. -->","yoast_head_json":{"title":"Camomilla in capsule compatibili LAVAZZA A MODO MIO","description":"La bevanda per tutte le et\u00e0 e per tutte le stagioni \u00e8 anche un prodotto solubile, gi\u00e0 zuccherato e pronto all'uso. Aiuta a rilassarti e a riposare meglio.","robots":{"index":"index","follow":"follow","max-snippet":"max-snippet:-1","max-image-preview":"max-image-preview:large","max-video-preview":"max-video-preview:-1"},"canonical":"https:\/\/cd.unatemplate.com\/?product=camomilla-in-capsule-compatibili-lavazza-a-modo-mio","og_locale":"it_IT","og_type":"article","og_title":"CAMOMILLA in capsule","og_description":"La bevanda per tutte le et\u00e0 e per tutte le stagioni \u00e8 anche un prodotto solubile, gi\u00e0 zuccherato e pronto all'uso. Aiuta a rilassarti e a riposare meglio.","og_url":"https:\/\/cd.unatemplate.com\/?product=camomilla-in-capsule-compatibili-lavazza-a-modo-mio","og_site_name":"Caff\u00e8 Donatello","article_modified_time":"2026-02-02T08:49:45+00:00","og_image":[{"width":800,"height":800,"url":"https:\/\/cd.unatemplate.com\/wp-content\/uploads\/2020\/02\/220-12e-CAMOMILLA-in-capsule.jpg","type":"image\/jpeg"}],"twitter_card":"summary_large_image","twitter_misc":{"Disponibilit\u00e0":"In stock"},"schema":{"@context":"https:\/\/schema.org","@graph":[{"@type":["WebPage","ItemPage"],"@id":"https:\/\/cd.unatemplate.com\/?product=camomilla-in-capsule-compatibili-lavazza-a-modo-mio","url":"https:\/\/cd.unatemplate.com\/?product=camomilla-in-capsule-compatibili-lavazza-a-modo-mio","name":"Camomilla in capsule compatibili LAVAZZA A MODO MIO","isPartOf":{"@id":"https:\/\/cd.unatemplate.com\/#website"},"primaryImageOfPage":{"@id":"https:\/\/cd.unatemplate.com\/?product=camomilla-in-capsule-compatibili-lavazza-a-modo-mio#primaryimage"},"image":{"@id":"https:\/\/cd.unatemplate.com\/?product=camomilla-in-capsule-compatibili-lavazza-a-modo-mio#primaryimage"},"thumbnailUrl":"https:\/\/cd.unatemplate.com\/wp-content\/uploads\/2020\/02\/220-12e-CAMOMILLA-in-capsule.jpg","datePublished":"2020-02-26T13:46:34+00:00","dateModified":"2026-02-02T08:49:45+00:00","description":"La bevanda per tutte le et\u00e0 e per tutte le stagioni \u00e8 anche un prodotto solubile, gi\u00e0 zuccherato e pronto all'uso. Aiuta a rilassarti e a riposare meglio.","breadcrumb":{"@id":"https:\/\/cd.unatemplate.com\/?product=camomilla-in-capsule-compatibili-lavazza-a-modo-mio#breadcrumb"},"inLanguage":"it-IT","potentialAction":[{"@type":"ReadAction","target":["https:\/\/cd.unatemplate.com\/?product=camomilla-in-capsule-compatibili-lavazza-a-modo-mio"]}]},{"@type":"ImageObject","inLanguage":"it-IT","@id":"https:\/\/cd.unatemplate.com\/?product=camomilla-in-capsule-compatibili-lavazza-a-modo-mio#primaryimage","url":"https:\/\/cd.unatemplate.com\/wp-content\/uploads\/2020\/02\/220-12e-CAMOMILLA-in-capsule.jpg","contentUrl":"https:\/\/cd.unatemplate.com\/wp-content\/uploads\/2020\/02\/220-12e-CAMOMILLA-in-capsule.jpg","width":800,"height":800,"caption":"CAMOMILLA in capsule"},{"@type":"BreadcrumbList","@id":"https:\/\/cd.unatemplate.com\/?product=camomilla-in-capsule-compatibili-lavazza-a-modo-mio#breadcrumb","itemListElement":[{"@type":"ListItem","position":1,"name":"Home","item":"https:\/\/cd.unatemplate.com\/"},{"@type":"ListItem","position":2,"name":"Shop","item":"https:\/\/cd.unatemplate.com\/?page_id=30263"},{"@type":"ListItem","position":3,"name":"CAMOMILLA in capsule"}]},{"@type":"WebSite","@id":"https:\/\/cd.unatemplate.com\/#website","url":"https:\/\/cd.unatemplate.com\/","name":"Caff\u00e8 Donatello","description":"","potentialAction":[{"@type":"SearchAction","target":{"@type":"EntryPoint","urlTemplate":"https:\/\/cd.unatemplate.com\/?s={search_term_string}"},"query-input":{"@type":"PropertyValueSpecification","valueRequired":true,"valueName":"search_term_string"}}],"inLanguage":"it-IT"}]},"og_availability":"instock","product_availability":"instock","product_condition":"new"},"_links":{"self":[{"href":"https:\/\/cd.unatemplate.com\/index.php?rest_route=\/wp\/v2\/product\/30350","targetHints":{"allow":["GET"]}}],"collection":[{"href":"https:\/\/cd.unatemplate.com\/index.php?rest_route=\/wp\/v2\/product"}],"about":[{"href":"https:\/\/cd.unatemplate.com\/index.php?rest_route=\/wp\/v2\/types\/product"}],"replies":[{"embeddable":true,"href":"https:\/\/cd.unatemplate.com\/index.php?rest_route=%2Fwp%2Fv2%2Fcomments&post=30350"}],"version-history":[{"count":1,"href":"https:\/\/cd.unatemplate.com\/index.php?rest_route=\/wp\/v2\/product\/30350\/revisions"}],"predecessor-version":[{"id":31312,"href":"https:\/\/cd.unatemplate.com\/index.php?rest_route=\/wp\/v2\/product\/30350\/revisions\/31312"}],"wp:featuredmedia":[{"embeddable":true,"href":"https:\/\/cd.unatemplate.com\/index.php?rest_route=\/wp\/v2\/media\/30348"}],"wp:attachment":[{"href":"https:\/\/cd.unatemplate.com\/index.php?rest_route=%2Fwp%2Fv2%2Fmedia&parent=30350"}],"wp:term":[{"taxonomy":"product_brand","embeddable":true,"href":"https:\/\/cd.unatemplate.com\/index.php?rest_route=%2Fwp%2Fv2%2Fproduct_brand&post=30350"},{"taxonomy":"product_cat","embeddable":true,"href":"https:\/\/cd.unatemplate.com\/index.php?rest_route=%2Fwp%2Fv2%2Fproduct_cat&post=30350"},{"taxonomy":"product_tag","embeddable":true,"href":"https:\/\/cd.unatemplate.com\/index.php?rest_route=%2Fwp%2Fv2%2Fproduct_tag&post=30350"}],"curies":[{"name":"wp","href":"https:\/\/api.w.org\/{rel}","templated":true}]}}