{"id":30435,"date":"2020-02-27T10:23:39","date_gmt":"2020-02-27T10:23:39","guid":{"rendered":"https:\/\/cd.unatemplate.com\/?product=cinque-chicchi"},"modified":"2026-02-06T10:01:36","modified_gmt":"2026-02-06T10:01:36","slug":"cinque-chicchi","status":"publish","type":"product","link":"https:\/\/cd.unatemplate.com\/?product=cinque-chicchi","title":{"rendered":"CINQUE CHICCHI, 500 grammi"},"content":{"rendered":"<p><strong>Il giusto equilibrio<\/strong><\/p>\n<p>Ricco e bilanciato, unico per la sua straordinaria rotondit\u00e0, che gli conferisce un sapore persistente con un delicato retrogusto al cioccolato fondente.<\/p>\n","protected":false},"excerpt":{"rendered":"<p><strong>Il giusto equilibrio<\/strong><\/p>\n<p>Sacchetto da 500 grammi.<\/p>\n","protected":false},"featured_media":30434,"comment_status":"open","ping_status":"closed","template":"","meta":[],"product_brand":[],"product_cat":[109,111],"product_tag":[],"class_list":{"0":"post-30435","1":"product","2":"type-product","3":"status-publish","4":"has-post-thumbnail","6":"product_cat-home","7":"product_cat-caffe-in-grani-e-macinato","8":"pa_preparazione-permoka","9":"pa_preparazione-permacchinaespresso","10":"pa_preparazione-ingrani","12":"first","13":"instock","14":"taxable","15":"shipping-taxable","16":"purchasable","17":"product-type-variable","18":"has-default-attributes"},"yoast_head":"<!-- This site is optimized with the Yoast SEO Premium plugin v26.6 (Yoast SEO v27.0) - https:\/\/yoast.com\/product\/yoast-seo-premium-wordpress\/ -->\n<title>Caff\u00e8 Donatello - Caff\u00e8 macinato CINQUE CHICCHI<\/title>\n<meta name=\"description\" content=\"Miscela di caff\u00e8 con variet\u00e0 di Arabica (90%) e Robusta (10%) per Moka o per macchine espresso.\" \/>\n<meta name=\"robots\" content=\"index, follow, max-snippet:-1, max-image-preview:large, max-video-preview:-1\" \/>\n<link rel=\"canonical\" href=\"https:\/\/cd.unatemplate.com\/?product=cinque-chicchi\" \/>\n<meta property=\"og:locale\" content=\"it_IT\" \/>\n<meta property=\"og:type\" content=\"article\" \/>\n<meta property=\"og:title\" content=\"CINQUE CHICCHI, 500 grammi\" \/>\n<meta property=\"og:description\" content=\"Miscela di caff\u00e8 con variet\u00e0 di Arabica (90%) e Robusta (10%) per Moka o per macchine espresso.\" \/>\n<meta property=\"og:url\" content=\"https:\/\/cd.unatemplate.com\/?product=cinque-chicchi\" \/>\n<meta property=\"og:site_name\" content=\"Caff\u00e8 Donatello\" \/>\n<meta property=\"article:modified_time\" content=\"2026-02-06T10:01:36+00:00\" \/>\n<meta property=\"og:image\" content=\"https:\/\/cd.unatemplate.com\/wp-content\/uploads\/2020\/02\/154-029-CINQUE-CHICCHI-500-grammi.jpg\" \/>\n\t<meta property=\"og:image:width\" content=\"800\" \/>\n\t<meta property=\"og:image:height\" content=\"800\" \/>\n\t<meta property=\"og:image:type\" content=\"image\/jpeg\" \/>\n<meta name=\"twitter:card\" content=\"summary_large_image\" \/>\n<meta name=\"twitter:label1\" content=\"Disponibilit\u00e0\" \/>\n\t<meta name=\"twitter:data1\" content=\"In stock\" \/>\n<script type=\"application\/ld+json\" class=\"yoast-schema-graph\">{\"@context\":\"https:\/\/schema.org\",\"@graph\":[{\"@type\":[\"WebPage\",\"ItemPage\"],\"@id\":\"https:\/\/cd.unatemplate.com\/?product=cinque-chicchi\",\"url\":\"https:\/\/cd.unatemplate.com\/?product=cinque-chicchi\",\"name\":\"Caff\u00e8 Donatello - Caff\u00e8 macinato CINQUE CHICCHI\",\"isPartOf\":{\"@id\":\"https:\/\/cd.unatemplate.com\/#website\"},\"primaryImageOfPage\":{\"@id\":\"https:\/\/cd.unatemplate.com\/?product=cinque-chicchi#primaryimage\"},\"image\":{\"@id\":\"https:\/\/cd.unatemplate.com\/?product=cinque-chicchi#primaryimage\"},\"thumbnailUrl\":\"https:\/\/cd.unatemplate.com\/wp-content\/uploads\/2020\/02\/154-029-CINQUE-CHICCHI-500-grammi.jpg\",\"datePublished\":\"2020-02-27T10:23:39+00:00\",\"dateModified\":\"2026-02-06T10:01:36+00:00\",\"description\":\"Miscela di caff\u00e8 con variet\u00e0 di Arabica (90%) e Robusta (10%) per Moka o per macchine espresso.\",\"breadcrumb\":{\"@id\":\"https:\/\/cd.unatemplate.com\/?product=cinque-chicchi#breadcrumb\"},\"inLanguage\":\"it-IT\",\"potentialAction\":[{\"@type\":\"ReadAction\",\"target\":[\"https:\/\/cd.unatemplate.com\/?product=cinque-chicchi\"]}]},{\"@type\":\"ImageObject\",\"inLanguage\":\"it-IT\",\"@id\":\"https:\/\/cd.unatemplate.com\/?product=cinque-chicchi#primaryimage\",\"url\":\"https:\/\/cd.unatemplate.com\/wp-content\/uploads\/2020\/02\/154-029-CINQUE-CHICCHI-500-grammi.jpg\",\"contentUrl\":\"https:\/\/cd.unatemplate.com\/wp-content\/uploads\/2020\/02\/154-029-CINQUE-CHICCHI-500-grammi.jpg\",\"width\":800,\"height\":800,\"caption\":\"CINQUE CHICCHI, 500 grammi\"},{\"@type\":\"BreadcrumbList\",\"@id\":\"https:\/\/cd.unatemplate.com\/?product=cinque-chicchi#breadcrumb\",\"itemListElement\":[{\"@type\":\"ListItem\",\"position\":1,\"name\":\"Home\",\"item\":\"https:\/\/cd.unatemplate.com\/\"},{\"@type\":\"ListItem\",\"position\":2,\"name\":\"Shop\",\"item\":\"https:\/\/cd.unatemplate.com\/?page_id=30263\"},{\"@type\":\"ListItem\",\"position\":3,\"name\":\"CINQUE CHICCHI, 500 grammi\"}]},{\"@type\":\"WebSite\",\"@id\":\"https:\/\/cd.unatemplate.com\/#website\",\"url\":\"https:\/\/cd.unatemplate.com\/\",\"name\":\"Caff\u00e8 Donatello\",\"description\":\"\",\"potentialAction\":[{\"@type\":\"SearchAction\",\"target\":{\"@type\":\"EntryPoint\",\"urlTemplate\":\"https:\/\/cd.unatemplate.com\/?s={search_term_string}\"},\"query-input\":{\"@type\":\"PropertyValueSpecification\",\"valueRequired\":true,\"valueName\":\"search_term_string\"}}],\"inLanguage\":\"it-IT\"}]}<\/script>\n<meta property=\"og:availability\" content=\"instock\" \/>\n<meta property=\"product:availability\" content=\"instock\" \/>\n<meta property=\"product:condition\" content=\"new\" \/>\n<!-- \/ Yoast SEO Premium plugin. -->","yoast_head_json":{"title":"Caff\u00e8 Donatello - Caff\u00e8 macinato CINQUE CHICCHI","description":"Miscela di caff\u00e8 con variet\u00e0 di Arabica (90%) e Robusta (10%) per Moka o per macchine espresso.","robots":{"index":"index","follow":"follow","max-snippet":"max-snippet:-1","max-image-preview":"max-image-preview:large","max-video-preview":"max-video-preview:-1"},"canonical":"https:\/\/cd.unatemplate.com\/?product=cinque-chicchi","og_locale":"it_IT","og_type":"article","og_title":"CINQUE CHICCHI, 500 grammi","og_description":"Miscela di caff\u00e8 con variet\u00e0 di Arabica (90%) e Robusta (10%) per Moka o per macchine espresso.","og_url":"https:\/\/cd.unatemplate.com\/?product=cinque-chicchi","og_site_name":"Caff\u00e8 Donatello","article_modified_time":"2026-02-06T10:01:36+00:00","og_image":[{"width":800,"height":800,"url":"https:\/\/cd.unatemplate.com\/wp-content\/uploads\/2020\/02\/154-029-CINQUE-CHICCHI-500-grammi.jpg","type":"image\/jpeg"}],"twitter_card":"summary_large_image","twitter_misc":{"Disponibilit\u00e0":"In stock"},"schema":{"@context":"https:\/\/schema.org","@graph":[{"@type":["WebPage","ItemPage"],"@id":"https:\/\/cd.unatemplate.com\/?product=cinque-chicchi","url":"https:\/\/cd.unatemplate.com\/?product=cinque-chicchi","name":"Caff\u00e8 Donatello - Caff\u00e8 macinato CINQUE CHICCHI","isPartOf":{"@id":"https:\/\/cd.unatemplate.com\/#website"},"primaryImageOfPage":{"@id":"https:\/\/cd.unatemplate.com\/?product=cinque-chicchi#primaryimage"},"image":{"@id":"https:\/\/cd.unatemplate.com\/?product=cinque-chicchi#primaryimage"},"thumbnailUrl":"https:\/\/cd.unatemplate.com\/wp-content\/uploads\/2020\/02\/154-029-CINQUE-CHICCHI-500-grammi.jpg","datePublished":"2020-02-27T10:23:39+00:00","dateModified":"2026-02-06T10:01:36+00:00","description":"Miscela di caff\u00e8 con variet\u00e0 di Arabica (90%) e Robusta (10%) per Moka o per macchine espresso.","breadcrumb":{"@id":"https:\/\/cd.unatemplate.com\/?product=cinque-chicchi#breadcrumb"},"inLanguage":"it-IT","potentialAction":[{"@type":"ReadAction","target":["https:\/\/cd.unatemplate.com\/?product=cinque-chicchi"]}]},{"@type":"ImageObject","inLanguage":"it-IT","@id":"https:\/\/cd.unatemplate.com\/?product=cinque-chicchi#primaryimage","url":"https:\/\/cd.unatemplate.com\/wp-content\/uploads\/2020\/02\/154-029-CINQUE-CHICCHI-500-grammi.jpg","contentUrl":"https:\/\/cd.unatemplate.com\/wp-content\/uploads\/2020\/02\/154-029-CINQUE-CHICCHI-500-grammi.jpg","width":800,"height":800,"caption":"CINQUE CHICCHI, 500 grammi"},{"@type":"BreadcrumbList","@id":"https:\/\/cd.unatemplate.com\/?product=cinque-chicchi#breadcrumb","itemListElement":[{"@type":"ListItem","position":1,"name":"Home","item":"https:\/\/cd.unatemplate.com\/"},{"@type":"ListItem","position":2,"name":"Shop","item":"https:\/\/cd.unatemplate.com\/?page_id=30263"},{"@type":"ListItem","position":3,"name":"CINQUE CHICCHI, 500 grammi"}]},{"@type":"WebSite","@id":"https:\/\/cd.unatemplate.com\/#website","url":"https:\/\/cd.unatemplate.com\/","name":"Caff\u00e8 Donatello","description":"","potentialAction":[{"@type":"SearchAction","target":{"@type":"EntryPoint","urlTemplate":"https:\/\/cd.unatemplate.com\/?s={search_term_string}"},"query-input":{"@type":"PropertyValueSpecification","valueRequired":true,"valueName":"search_term_string"}}],"inLanguage":"it-IT"}]},"og_availability":"instock","product_availability":"instock","product_condition":"new"},"_links":{"self":[{"href":"https:\/\/cd.unatemplate.com\/index.php?rest_route=\/wp\/v2\/product\/30435","targetHints":{"allow":["GET"]}}],"collection":[{"href":"https:\/\/cd.unatemplate.com\/index.php?rest_route=\/wp\/v2\/product"}],"about":[{"href":"https:\/\/cd.unatemplate.com\/index.php?rest_route=\/wp\/v2\/types\/product"}],"replies":[{"embeddable":true,"href":"https:\/\/cd.unatemplate.com\/index.php?rest_route=%2Fwp%2Fv2%2Fcomments&post=30435"}],"version-history":[{"count":1,"href":"https:\/\/cd.unatemplate.com\/index.php?rest_route=\/wp\/v2\/product\/30435\/revisions"}],"predecessor-version":[{"id":31293,"href":"https:\/\/cd.unatemplate.com\/index.php?rest_route=\/wp\/v2\/product\/30435\/revisions\/31293"}],"wp:featuredmedia":[{"embeddable":true,"href":"https:\/\/cd.unatemplate.com\/index.php?rest_route=\/wp\/v2\/media\/30434"}],"wp:attachment":[{"href":"https:\/\/cd.unatemplate.com\/index.php?rest_route=%2Fwp%2Fv2%2Fmedia&parent=30435"}],"wp:term":[{"taxonomy":"product_brand","embeddable":true,"href":"https:\/\/cd.unatemplate.com\/index.php?rest_route=%2Fwp%2Fv2%2Fproduct_brand&post=30435"},{"taxonomy":"product_cat","embeddable":true,"href":"https:\/\/cd.unatemplate.com\/index.php?rest_route=%2Fwp%2Fv2%2Fproduct_cat&post=30435"},{"taxonomy":"product_tag","embeddable":true,"href":"https:\/\/cd.unatemplate.com\/index.php?rest_route=%2Fwp%2Fv2%2Fproduct_tag&post=30435"}],"curies":[{"name":"wp","href":"https:\/\/api.w.org\/{rel}","templated":true}]}}