{"id":30481,"date":"2020-03-17T19:02:43","date_gmt":"2020-03-17T19:02:43","guid":{"rendered":"https:\/\/cd.unatemplate.com\/?product=capsule-decaffeinato-compatibili-lavazza-a-modo-mio"},"modified":"2026-02-06T09:53:05","modified_gmt":"2026-02-06T09:53:05","slug":"capsule-decaffeinato-compatibili-lavazza-a-modo-mio","status":"publish","type":"product","link":"https:\/\/cd.unatemplate.com\/?product=capsule-decaffeinato-compatibili-lavazza-a-modo-mio","title":{"rendered":"50 Capsule DECAFFEINATO compatibili LAVAZZA A MODO MIO"},"content":{"rendered":"<p>Il caff\u00e8 amabile per tutti i giorni, ideale per concludere degnamente un buon pasto, iniziare bene la giornata o godersi un momento di relax.<\/p>\n<p>Sapiente miscela di caff\u00e8 provenienti da tutto il mondo, \u00e8 il prodotto pi\u00f9 consumato dai nostri clienti.<\/p>\n<p>Le arabiche di Centro e Sud America unite a quelle dell&#8217;Etiopia gli donano un sapore soave unito a un&#8217;aroma di cioccolato e a un sentore di selvatico, mentre le robusta di India e Camerun regalano aromi di frutta e spezie uniti a un leggero sentore di legno, ricordandoci che il caff\u00e8 \u00e8 una pianta e facendoci capire quanto buoni possano essere i suoi frutti.<\/p>\n<p>*Il marchio non \u00e8 di propriet\u00e0 di A.D. Distribuzione S.r.l. n\u00e9 di aziende ad essa collegate.<\/p>\n","protected":false},"excerpt":{"rendered":"<p>Caff\u00e8 in capsule compatibili Lavazza a Modo Mio* da 7,5 grammi\u00a0confezionate singolarmente. Confezione da 50 capsule.<\/p>\n<p>Decaffeinato.<\/p>\n","protected":false},"featured_media":30479,"comment_status":"open","ping_status":"closed","template":"","meta":[],"product_brand":[],"product_cat":[117,109,113],"product_tag":[],"class_list":{"0":"post-30481","1":"product","2":"type-product","3":"status-publish","4":"has-post-thumbnail","6":"product_cat-capsule-compatibili-lavazza-a-modo-mio","7":"product_cat-home","8":"product_cat-capsule-compatibili","9":"pa_formato-1b-capsulecompatibililavazza","11":"first","12":"instock","13":"taxable","14":"shipping-taxable","15":"purchasable","16":"product-type-simple"},"yoast_head":"<!-- This site is optimized with the Yoast SEO Premium plugin v26.6 (Yoast SEO v27.0) - https:\/\/yoast.com\/product\/yoast-seo-premium-wordpress\/ -->\n<title>50 Capsule DECAFFEINATO compatibili LAVAZZA A MODO MIO - Caff\u00e8 Donatello<\/title>\n<meta name=\"robots\" content=\"index, follow, max-snippet:-1, max-image-preview:large, max-video-preview:-1\" \/>\n<link rel=\"canonical\" href=\"https:\/\/cd.unatemplate.com\/?product=capsule-decaffeinato-compatibili-lavazza-a-modo-mio\" \/>\n<meta property=\"og:locale\" content=\"it_IT\" \/>\n<meta property=\"og:type\" content=\"article\" \/>\n<meta property=\"og:title\" content=\"50 Capsule DECAFFEINATO compatibili LAVAZZA A MODO MIO\" \/>\n<meta property=\"og:description\" content=\"Caff\u00e8 in capsule compatibili Lavazza a Modo Mio* da 7,5 grammi\u00a0confezionate singolarmente. Confezione da 50 capsule. Decaffeinato.\" \/>\n<meta property=\"og:url\" content=\"https:\/\/cd.unatemplate.com\/?product=capsule-decaffeinato-compatibili-lavazza-a-modo-mio\" \/>\n<meta property=\"og:site_name\" content=\"Caff\u00e8 Donatello\" \/>\n<meta property=\"article:modified_time\" content=\"2026-02-06T09:53:05+00:00\" \/>\n<meta property=\"og:image\" content=\"https:\/\/cd.unatemplate.com\/wp-content\/uploads\/2020\/03\/173-c17-50-Capsule-DECAFFEINATO-compatibili-LAVAZZA-A-MODO-MIO.jpg\" \/>\n\t<meta property=\"og:image:width\" content=\"800\" \/>\n\t<meta property=\"og:image:height\" content=\"800\" \/>\n\t<meta property=\"og:image:type\" content=\"image\/jpeg\" \/>\n<meta name=\"twitter:card\" content=\"summary_large_image\" \/>\n<meta name=\"twitter:label1\" content=\"Prezzo\" \/>\n\t<meta name=\"twitter:data1\" content=\"18,00&nbsp;&euro;\" \/>\n\t<meta name=\"twitter:label2\" content=\"Disponibilit\u00e0\" \/>\n\t<meta name=\"twitter:data2\" content=\"In stock\" \/>\n<script type=\"application\/ld+json\" class=\"yoast-schema-graph\">{\"@context\":\"https:\/\/schema.org\",\"@graph\":[{\"@type\":[\"WebPage\",\"ItemPage\"],\"@id\":\"https:\/\/cd.unatemplate.com\/?product=capsule-decaffeinato-compatibili-lavazza-a-modo-mio\",\"url\":\"https:\/\/cd.unatemplate.com\/?product=capsule-decaffeinato-compatibili-lavazza-a-modo-mio\",\"name\":\"50 Capsule DECAFFEINATO compatibili LAVAZZA A MODO MIO - Caff\u00e8 Donatello\",\"isPartOf\":{\"@id\":\"https:\/\/cd.unatemplate.com\/#website\"},\"primaryImageOfPage\":{\"@id\":\"https:\/\/cd.unatemplate.com\/?product=capsule-decaffeinato-compatibili-lavazza-a-modo-mio#primaryimage\"},\"image\":{\"@id\":\"https:\/\/cd.unatemplate.com\/?product=capsule-decaffeinato-compatibili-lavazza-a-modo-mio#primaryimage\"},\"thumbnailUrl\":\"https:\/\/cd.unatemplate.com\/wp-content\/uploads\/2020\/03\/173-c17-50-Capsule-DECAFFEINATO-compatibili-LAVAZZA-A-MODO-MIO.jpg\",\"datePublished\":\"2020-03-17T19:02:43+00:00\",\"dateModified\":\"2026-02-06T09:53:05+00:00\",\"breadcrumb\":{\"@id\":\"https:\/\/cd.unatemplate.com\/?product=capsule-decaffeinato-compatibili-lavazza-a-modo-mio#breadcrumb\"},\"inLanguage\":\"it-IT\",\"potentialAction\":[{\"@type\":\"ReadAction\",\"target\":[\"https:\/\/cd.unatemplate.com\/?product=capsule-decaffeinato-compatibili-lavazza-a-modo-mio\"]}]},{\"@type\":\"ImageObject\",\"inLanguage\":\"it-IT\",\"@id\":\"https:\/\/cd.unatemplate.com\/?product=capsule-decaffeinato-compatibili-lavazza-a-modo-mio#primaryimage\",\"url\":\"https:\/\/cd.unatemplate.com\/wp-content\/uploads\/2020\/03\/173-c17-50-Capsule-DECAFFEINATO-compatibili-LAVAZZA-A-MODO-MIO.jpg\",\"contentUrl\":\"https:\/\/cd.unatemplate.com\/wp-content\/uploads\/2020\/03\/173-c17-50-Capsule-DECAFFEINATO-compatibili-LAVAZZA-A-MODO-MIO.jpg\",\"width\":800,\"height\":800,\"caption\":\"50 Capsule DECAFFEINATO compatibili LAVAZZA A MODO MIO\"},{\"@type\":\"BreadcrumbList\",\"@id\":\"https:\/\/cd.unatemplate.com\/?product=capsule-decaffeinato-compatibili-lavazza-a-modo-mio#breadcrumb\",\"itemListElement\":[{\"@type\":\"ListItem\",\"position\":1,\"name\":\"Home\",\"item\":\"https:\/\/cd.unatemplate.com\/\"},{\"@type\":\"ListItem\",\"position\":2,\"name\":\"Shop\",\"item\":\"https:\/\/cd.unatemplate.com\/?page_id=30263\"},{\"@type\":\"ListItem\",\"position\":3,\"name\":\"50 Capsule DECAFFEINATO compatibili LAVAZZA A MODO MIO\"}]},{\"@type\":\"WebSite\",\"@id\":\"https:\/\/cd.unatemplate.com\/#website\",\"url\":\"https:\/\/cd.unatemplate.com\/\",\"name\":\"Caff\u00e8 Donatello\",\"description\":\"\",\"potentialAction\":[{\"@type\":\"SearchAction\",\"target\":{\"@type\":\"EntryPoint\",\"urlTemplate\":\"https:\/\/cd.unatemplate.com\/?s={search_term_string}\"},\"query-input\":{\"@type\":\"PropertyValueSpecification\",\"valueRequired\":true,\"valueName\":\"search_term_string\"}}],\"inLanguage\":\"it-IT\"}]}<\/script>\n<meta property=\"product:price:amount\" content=\"18.00\" \/>\n<meta property=\"product:price:currency\" content=\"EUR\" \/>\n<meta property=\"og:availability\" content=\"instock\" \/>\n<meta property=\"product:availability\" content=\"instock\" \/>\n<meta property=\"product:condition\" content=\"new\" \/>\n<!-- \/ Yoast SEO Premium plugin. -->","yoast_head_json":{"title":"50 Capsule DECAFFEINATO compatibili LAVAZZA A MODO MIO - Caff\u00e8 Donatello","robots":{"index":"index","follow":"follow","max-snippet":"max-snippet:-1","max-image-preview":"max-image-preview:large","max-video-preview":"max-video-preview:-1"},"canonical":"https:\/\/cd.unatemplate.com\/?product=capsule-decaffeinato-compatibili-lavazza-a-modo-mio","og_locale":"it_IT","og_type":"article","og_title":"50 Capsule DECAFFEINATO compatibili LAVAZZA A MODO MIO","og_description":"Caff\u00e8 in capsule compatibili Lavazza a Modo Mio* da 7,5 grammi\u00a0confezionate singolarmente. Confezione da 50 capsule. Decaffeinato.","og_url":"https:\/\/cd.unatemplate.com\/?product=capsule-decaffeinato-compatibili-lavazza-a-modo-mio","og_site_name":"Caff\u00e8 Donatello","article_modified_time":"2026-02-06T09:53:05+00:00","og_image":[{"width":800,"height":800,"url":"https:\/\/cd.unatemplate.com\/wp-content\/uploads\/2020\/03\/173-c17-50-Capsule-DECAFFEINATO-compatibili-LAVAZZA-A-MODO-MIO.jpg","type":"image\/jpeg"}],"twitter_card":"summary_large_image","twitter_misc":{"Prezzo":"18,00&nbsp;&euro;","Disponibilit\u00e0":"In stock"},"schema":{"@context":"https:\/\/schema.org","@graph":[{"@type":["WebPage","ItemPage"],"@id":"https:\/\/cd.unatemplate.com\/?product=capsule-decaffeinato-compatibili-lavazza-a-modo-mio","url":"https:\/\/cd.unatemplate.com\/?product=capsule-decaffeinato-compatibili-lavazza-a-modo-mio","name":"50 Capsule DECAFFEINATO compatibili LAVAZZA A MODO MIO - Caff\u00e8 Donatello","isPartOf":{"@id":"https:\/\/cd.unatemplate.com\/#website"},"primaryImageOfPage":{"@id":"https:\/\/cd.unatemplate.com\/?product=capsule-decaffeinato-compatibili-lavazza-a-modo-mio#primaryimage"},"image":{"@id":"https:\/\/cd.unatemplate.com\/?product=capsule-decaffeinato-compatibili-lavazza-a-modo-mio#primaryimage"},"thumbnailUrl":"https:\/\/cd.unatemplate.com\/wp-content\/uploads\/2020\/03\/173-c17-50-Capsule-DECAFFEINATO-compatibili-LAVAZZA-A-MODO-MIO.jpg","datePublished":"2020-03-17T19:02:43+00:00","dateModified":"2026-02-06T09:53:05+00:00","breadcrumb":{"@id":"https:\/\/cd.unatemplate.com\/?product=capsule-decaffeinato-compatibili-lavazza-a-modo-mio#breadcrumb"},"inLanguage":"it-IT","potentialAction":[{"@type":"ReadAction","target":["https:\/\/cd.unatemplate.com\/?product=capsule-decaffeinato-compatibili-lavazza-a-modo-mio"]}]},{"@type":"ImageObject","inLanguage":"it-IT","@id":"https:\/\/cd.unatemplate.com\/?product=capsule-decaffeinato-compatibili-lavazza-a-modo-mio#primaryimage","url":"https:\/\/cd.unatemplate.com\/wp-content\/uploads\/2020\/03\/173-c17-50-Capsule-DECAFFEINATO-compatibili-LAVAZZA-A-MODO-MIO.jpg","contentUrl":"https:\/\/cd.unatemplate.com\/wp-content\/uploads\/2020\/03\/173-c17-50-Capsule-DECAFFEINATO-compatibili-LAVAZZA-A-MODO-MIO.jpg","width":800,"height":800,"caption":"50 Capsule DECAFFEINATO compatibili LAVAZZA A MODO MIO"},{"@type":"BreadcrumbList","@id":"https:\/\/cd.unatemplate.com\/?product=capsule-decaffeinato-compatibili-lavazza-a-modo-mio#breadcrumb","itemListElement":[{"@type":"ListItem","position":1,"name":"Home","item":"https:\/\/cd.unatemplate.com\/"},{"@type":"ListItem","position":2,"name":"Shop","item":"https:\/\/cd.unatemplate.com\/?page_id=30263"},{"@type":"ListItem","position":3,"name":"50 Capsule DECAFFEINATO compatibili LAVAZZA A MODO MIO"}]},{"@type":"WebSite","@id":"https:\/\/cd.unatemplate.com\/#website","url":"https:\/\/cd.unatemplate.com\/","name":"Caff\u00e8 Donatello","description":"","potentialAction":[{"@type":"SearchAction","target":{"@type":"EntryPoint","urlTemplate":"https:\/\/cd.unatemplate.com\/?s={search_term_string}"},"query-input":{"@type":"PropertyValueSpecification","valueRequired":true,"valueName":"search_term_string"}}],"inLanguage":"it-IT"}]},"product_price_amount":"18.00","product_price_currency":"EUR","og_availability":"instock","product_availability":"instock","product_condition":"new"},"_links":{"self":[{"href":"https:\/\/cd.unatemplate.com\/index.php?rest_route=\/wp\/v2\/product\/30481","targetHints":{"allow":["GET"]}}],"collection":[{"href":"https:\/\/cd.unatemplate.com\/index.php?rest_route=\/wp\/v2\/product"}],"about":[{"href":"https:\/\/cd.unatemplate.com\/index.php?rest_route=\/wp\/v2\/types\/product"}],"replies":[{"embeddable":true,"href":"https:\/\/cd.unatemplate.com\/index.php?rest_route=%2Fwp%2Fv2%2Fcomments&post=30481"}],"version-history":[{"count":1,"href":"https:\/\/cd.unatemplate.com\/index.php?rest_route=\/wp\/v2\/product\/30481\/revisions"}],"predecessor-version":[{"id":31279,"href":"https:\/\/cd.unatemplate.com\/index.php?rest_route=\/wp\/v2\/product\/30481\/revisions\/31279"}],"wp:featuredmedia":[{"embeddable":true,"href":"https:\/\/cd.unatemplate.com\/index.php?rest_route=\/wp\/v2\/media\/30479"}],"wp:attachment":[{"href":"https:\/\/cd.unatemplate.com\/index.php?rest_route=%2Fwp%2Fv2%2Fmedia&parent=30481"}],"wp:term":[{"taxonomy":"product_brand","embeddable":true,"href":"https:\/\/cd.unatemplate.com\/index.php?rest_route=%2Fwp%2Fv2%2Fproduct_brand&post=30481"},{"taxonomy":"product_cat","embeddable":true,"href":"https:\/\/cd.unatemplate.com\/index.php?rest_route=%2Fwp%2Fv2%2Fproduct_cat&post=30481"},{"taxonomy":"product_tag","embeddable":true,"href":"https:\/\/cd.unatemplate.com\/index.php?rest_route=%2Fwp%2Fv2%2Fproduct_tag&post=30481"}],"curies":[{"name":"wp","href":"https:\/\/api.w.org\/{rel}","templated":true}]}}