{"id":30535,"date":"2020-05-25T15:22:00","date_gmt":"2020-05-25T15:22:00","guid":{"rendered":"https:\/\/cd.unatemplate.com\/?product=100-capsule-di-caffe-oro-2"},"modified":"2026-02-06T09:41:13","modified_gmt":"2026-02-06T09:41:13","slug":"100-capsule-di-caffe-oro-2","status":"publish","type":"product","link":"https:\/\/cd.unatemplate.com\/?product=100-capsule-di-caffe-oro-2","title":{"rendered":"Caff\u00e8 ORO DECISO, 100 capsule"},"content":{"rendered":"<p>Tutto l&#8217;aroma di una tazza di Oro, ma dal sapore ancora pi\u00f9 corposo e deciso grazie alla tostatura leggermente pi\u00f9 scura.<\/p>\n<p>Un esempio perfetto di come nel mondo del caff\u00e8 anche solo un piccolo dettaglio possa fare la differenza.<\/p>\n","protected":false},"excerpt":{"rendered":"<p>Caff\u00e8 in capsule ORO\u00a0DECISO<\/p>\n","protected":false},"featured_media":30533,"comment_status":"open","ping_status":"closed","template":"","meta":[],"product_brand":[],"product_cat":[110],"product_tag":[],"class_list":{"0":"post-30535","1":"product","2":"type-product","3":"status-publish","4":"has-post-thumbnail","6":"product_cat-capsule-caffe-donatello","7":"pa_formato-cb-capsulecaffedonatelloespr","9":"first","10":"instock","11":"taxable","12":"shipping-taxable","13":"purchasable","14":"product-type-simple"},"yoast_head":"<!-- This site is optimized with the Yoast SEO Premium plugin v26.6 (Yoast SEO v27.0) - https:\/\/yoast.com\/product\/yoast-seo-premium-wordpress\/ -->\n<title>Caff\u00e8 Donatello - 100 capsule di caff\u00e8 ORO<\/title>\n<meta name=\"description\" content=\"Tutto l&#039;aroma di una tazza di caff\u00e8 dal sapore ancora pi\u00f9 corposo e deciso grazie alla tostatura leggermente pi\u00f9 scura.\" \/>\n<meta name=\"robots\" content=\"index, follow, max-snippet:-1, max-image-preview:large, max-video-preview:-1\" \/>\n<link rel=\"canonical\" href=\"https:\/\/cd.unatemplate.com\/?product=100-capsule-di-caffe-oro-2\" \/>\n<meta property=\"og:locale\" content=\"it_IT\" \/>\n<meta property=\"og:type\" content=\"article\" \/>\n<meta property=\"og:title\" content=\"Caff\u00e8 ORO DECISO, 100 capsule\" \/>\n<meta property=\"og:description\" content=\"Tutto l&#039;aroma di una tazza di caff\u00e8 dal sapore ancora pi\u00f9 corposo e deciso grazie alla tostatura leggermente pi\u00f9 scura.\" \/>\n<meta property=\"og:url\" content=\"https:\/\/cd.unatemplate.com\/?product=100-capsule-di-caffe-oro-2\" \/>\n<meta property=\"og:site_name\" content=\"Caff\u00e8 Donatello\" \/>\n<meta property=\"article:modified_time\" content=\"2026-02-06T09:41:13+00:00\" \/>\n<meta property=\"og:image\" content=\"https:\/\/cd.unatemplate.com\/wp-content\/uploads\/2020\/05\/162-e1b-Caffe-ORO-DECISO-100-capsule.jpg\" \/>\n\t<meta property=\"og:image:width\" content=\"800\" \/>\n\t<meta property=\"og:image:height\" content=\"800\" \/>\n\t<meta property=\"og:image:type\" content=\"image\/jpeg\" \/>\n<meta name=\"twitter:card\" content=\"summary_large_image\" \/>\n<meta name=\"twitter:label1\" content=\"Prezzo\" \/>\n\t<meta name=\"twitter:data1\" content=\"33,00&nbsp;&euro;\" \/>\n\t<meta name=\"twitter:label2\" content=\"Disponibilit\u00e0\" \/>\n\t<meta name=\"twitter:data2\" content=\"In stock\" \/>\n<script type=\"application\/ld+json\" class=\"yoast-schema-graph\">{\"@context\":\"https:\/\/schema.org\",\"@graph\":[{\"@type\":[\"WebPage\",\"ItemPage\"],\"@id\":\"https:\/\/cd.unatemplate.com\/?product=100-capsule-di-caffe-oro-2\",\"url\":\"https:\/\/cd.unatemplate.com\/?product=100-capsule-di-caffe-oro-2\",\"name\":\"Caff\u00e8 Donatello - 100 capsule di caff\u00e8 ORO\",\"isPartOf\":{\"@id\":\"https:\/\/cd.unatemplate.com\/#website\"},\"primaryImageOfPage\":{\"@id\":\"https:\/\/cd.unatemplate.com\/?product=100-capsule-di-caffe-oro-2#primaryimage\"},\"image\":{\"@id\":\"https:\/\/cd.unatemplate.com\/?product=100-capsule-di-caffe-oro-2#primaryimage\"},\"thumbnailUrl\":\"https:\/\/cd.unatemplate.com\/wp-content\/uploads\/2020\/05\/162-e1b-Caffe-ORO-DECISO-100-capsule.jpg\",\"datePublished\":\"2020-05-25T15:22:00+00:00\",\"dateModified\":\"2026-02-06T09:41:13+00:00\",\"description\":\"Tutto l'aroma di una tazza di caff\u00e8 dal sapore ancora pi\u00f9 corposo e deciso grazie alla tostatura leggermente pi\u00f9 scura.\",\"breadcrumb\":{\"@id\":\"https:\/\/cd.unatemplate.com\/?product=100-capsule-di-caffe-oro-2#breadcrumb\"},\"inLanguage\":\"it-IT\",\"potentialAction\":[{\"@type\":\"ReadAction\",\"target\":[\"https:\/\/cd.unatemplate.com\/?product=100-capsule-di-caffe-oro-2\"]}]},{\"@type\":\"ImageObject\",\"inLanguage\":\"it-IT\",\"@id\":\"https:\/\/cd.unatemplate.com\/?product=100-capsule-di-caffe-oro-2#primaryimage\",\"url\":\"https:\/\/cd.unatemplate.com\/wp-content\/uploads\/2020\/05\/162-e1b-Caffe-ORO-DECISO-100-capsule.jpg\",\"contentUrl\":\"https:\/\/cd.unatemplate.com\/wp-content\/uploads\/2020\/05\/162-e1b-Caffe-ORO-DECISO-100-capsule.jpg\",\"width\":800,\"height\":800,\"caption\":\"Caff\u00e8 ORO DECISO, 100 capsule\"},{\"@type\":\"BreadcrumbList\",\"@id\":\"https:\/\/cd.unatemplate.com\/?product=100-capsule-di-caffe-oro-2#breadcrumb\",\"itemListElement\":[{\"@type\":\"ListItem\",\"position\":1,\"name\":\"Home\",\"item\":\"https:\/\/cd.unatemplate.com\/\"},{\"@type\":\"ListItem\",\"position\":2,\"name\":\"Shop\",\"item\":\"https:\/\/cd.unatemplate.com\/?page_id=30263\"},{\"@type\":\"ListItem\",\"position\":3,\"name\":\"Caff\u00e8 ORO DECISO, 100 capsule\"}]},{\"@type\":\"WebSite\",\"@id\":\"https:\/\/cd.unatemplate.com\/#website\",\"url\":\"https:\/\/cd.unatemplate.com\/\",\"name\":\"Caff\u00e8 Donatello\",\"description\":\"\",\"potentialAction\":[{\"@type\":\"SearchAction\",\"target\":{\"@type\":\"EntryPoint\",\"urlTemplate\":\"https:\/\/cd.unatemplate.com\/?s={search_term_string}\"},\"query-input\":{\"@type\":\"PropertyValueSpecification\",\"valueRequired\":true,\"valueName\":\"search_term_string\"}}],\"inLanguage\":\"it-IT\"}]}<\/script>\n<meta property=\"product:price:amount\" content=\"33.00\" \/>\n<meta property=\"product:price:currency\" content=\"EUR\" \/>\n<meta property=\"og:availability\" content=\"instock\" \/>\n<meta property=\"product:availability\" content=\"instock\" \/>\n<meta property=\"product:condition\" content=\"new\" \/>\n<!-- \/ Yoast SEO Premium plugin. -->","yoast_head_json":{"title":"Caff\u00e8 Donatello - 100 capsule di caff\u00e8 ORO","description":"Tutto l'aroma di una tazza di caff\u00e8 dal sapore ancora pi\u00f9 corposo e deciso grazie alla tostatura leggermente pi\u00f9 scura.","robots":{"index":"index","follow":"follow","max-snippet":"max-snippet:-1","max-image-preview":"max-image-preview:large","max-video-preview":"max-video-preview:-1"},"canonical":"https:\/\/cd.unatemplate.com\/?product=100-capsule-di-caffe-oro-2","og_locale":"it_IT","og_type":"article","og_title":"Caff\u00e8 ORO DECISO, 100 capsule","og_description":"Tutto l'aroma di una tazza di caff\u00e8 dal sapore ancora pi\u00f9 corposo e deciso grazie alla tostatura leggermente pi\u00f9 scura.","og_url":"https:\/\/cd.unatemplate.com\/?product=100-capsule-di-caffe-oro-2","og_site_name":"Caff\u00e8 Donatello","article_modified_time":"2026-02-06T09:41:13+00:00","og_image":[{"width":800,"height":800,"url":"https:\/\/cd.unatemplate.com\/wp-content\/uploads\/2020\/05\/162-e1b-Caffe-ORO-DECISO-100-capsule.jpg","type":"image\/jpeg"}],"twitter_card":"summary_large_image","twitter_misc":{"Prezzo":"33,00&nbsp;&euro;","Disponibilit\u00e0":"In stock"},"schema":{"@context":"https:\/\/schema.org","@graph":[{"@type":["WebPage","ItemPage"],"@id":"https:\/\/cd.unatemplate.com\/?product=100-capsule-di-caffe-oro-2","url":"https:\/\/cd.unatemplate.com\/?product=100-capsule-di-caffe-oro-2","name":"Caff\u00e8 Donatello - 100 capsule di caff\u00e8 ORO","isPartOf":{"@id":"https:\/\/cd.unatemplate.com\/#website"},"primaryImageOfPage":{"@id":"https:\/\/cd.unatemplate.com\/?product=100-capsule-di-caffe-oro-2#primaryimage"},"image":{"@id":"https:\/\/cd.unatemplate.com\/?product=100-capsule-di-caffe-oro-2#primaryimage"},"thumbnailUrl":"https:\/\/cd.unatemplate.com\/wp-content\/uploads\/2020\/05\/162-e1b-Caffe-ORO-DECISO-100-capsule.jpg","datePublished":"2020-05-25T15:22:00+00:00","dateModified":"2026-02-06T09:41:13+00:00","description":"Tutto l'aroma di una tazza di caff\u00e8 dal sapore ancora pi\u00f9 corposo e deciso grazie alla tostatura leggermente pi\u00f9 scura.","breadcrumb":{"@id":"https:\/\/cd.unatemplate.com\/?product=100-capsule-di-caffe-oro-2#breadcrumb"},"inLanguage":"it-IT","potentialAction":[{"@type":"ReadAction","target":["https:\/\/cd.unatemplate.com\/?product=100-capsule-di-caffe-oro-2"]}]},{"@type":"ImageObject","inLanguage":"it-IT","@id":"https:\/\/cd.unatemplate.com\/?product=100-capsule-di-caffe-oro-2#primaryimage","url":"https:\/\/cd.unatemplate.com\/wp-content\/uploads\/2020\/05\/162-e1b-Caffe-ORO-DECISO-100-capsule.jpg","contentUrl":"https:\/\/cd.unatemplate.com\/wp-content\/uploads\/2020\/05\/162-e1b-Caffe-ORO-DECISO-100-capsule.jpg","width":800,"height":800,"caption":"Caff\u00e8 ORO DECISO, 100 capsule"},{"@type":"BreadcrumbList","@id":"https:\/\/cd.unatemplate.com\/?product=100-capsule-di-caffe-oro-2#breadcrumb","itemListElement":[{"@type":"ListItem","position":1,"name":"Home","item":"https:\/\/cd.unatemplate.com\/"},{"@type":"ListItem","position":2,"name":"Shop","item":"https:\/\/cd.unatemplate.com\/?page_id=30263"},{"@type":"ListItem","position":3,"name":"Caff\u00e8 ORO DECISO, 100 capsule"}]},{"@type":"WebSite","@id":"https:\/\/cd.unatemplate.com\/#website","url":"https:\/\/cd.unatemplate.com\/","name":"Caff\u00e8 Donatello","description":"","potentialAction":[{"@type":"SearchAction","target":{"@type":"EntryPoint","urlTemplate":"https:\/\/cd.unatemplate.com\/?s={search_term_string}"},"query-input":{"@type":"PropertyValueSpecification","valueRequired":true,"valueName":"search_term_string"}}],"inLanguage":"it-IT"}]},"product_price_amount":"33.00","product_price_currency":"EUR","og_availability":"instock","product_availability":"instock","product_condition":"new"},"_links":{"self":[{"href":"https:\/\/cd.unatemplate.com\/index.php?rest_route=\/wp\/v2\/product\/30535","targetHints":{"allow":["GET"]}}],"collection":[{"href":"https:\/\/cd.unatemplate.com\/index.php?rest_route=\/wp\/v2\/product"}],"about":[{"href":"https:\/\/cd.unatemplate.com\/index.php?rest_route=\/wp\/v2\/types\/product"}],"replies":[{"embeddable":true,"href":"https:\/\/cd.unatemplate.com\/index.php?rest_route=%2Fwp%2Fv2%2Fcomments&post=30535"}],"version-history":[{"count":1,"href":"https:\/\/cd.unatemplate.com\/index.php?rest_route=\/wp\/v2\/product\/30535\/revisions"}],"predecessor-version":[{"id":31263,"href":"https:\/\/cd.unatemplate.com\/index.php?rest_route=\/wp\/v2\/product\/30535\/revisions\/31263"}],"wp:featuredmedia":[{"embeddable":true,"href":"https:\/\/cd.unatemplate.com\/index.php?rest_route=\/wp\/v2\/media\/30533"}],"wp:attachment":[{"href":"https:\/\/cd.unatemplate.com\/index.php?rest_route=%2Fwp%2Fv2%2Fmedia&parent=30535"}],"wp:term":[{"taxonomy":"product_brand","embeddable":true,"href":"https:\/\/cd.unatemplate.com\/index.php?rest_route=%2Fwp%2Fv2%2Fproduct_brand&post=30535"},{"taxonomy":"product_cat","embeddable":true,"href":"https:\/\/cd.unatemplate.com\/index.php?rest_route=%2Fwp%2Fv2%2Fproduct_cat&post=30535"},{"taxonomy":"product_tag","embeddable":true,"href":"https:\/\/cd.unatemplate.com\/index.php?rest_route=%2Fwp%2Fv2%2Fproduct_tag&post=30535"}],"curies":[{"name":"wp","href":"https:\/\/api.w.org\/{rel}","templated":true}]}}