{"id":30547,"date":"2026-02-17T08:21:01","date_gmt":"2026-02-17T08:21:01","guid":{"rendered":"https:\/\/cd.unatemplate.com\/?post_type=product&#038;p=30547"},"modified":"2026-02-17T08:24:42","modified_gmt":"2026-02-17T08:24:42","slug":"orzo-50-cialde","status":"publish","type":"product","link":"https:\/\/cd.unatemplate.com\/?product=orzo-50-cialde","title":{"rendered":"ORZO, 50 cialde"},"content":{"rendered":"<p>Spesso confuso con il caff\u00e8 per colore, utilizzo e somministrazione, l&#8217;orzo \u00e8 un prodotto completamente diverso per sapore e propriet\u00e0.<\/p>\n<p>Bevanda digestiva dal gusto leggero, adatta a chi non beve (solo) caff\u00e8.<\/p>\n<p>Ingredienti:<\/p>\n<p>\u2022 orzo.<\/p>\n<p>Pu\u00f2 contenere tracce di latte e prodotti derivati.<\/p>\n<p>Cialde non compostabili nell\u2019umido.<\/p>\n<p><strong>MOMENTANEAMENTE NON DISPONIBILE<\/strong><\/p>\n","protected":false},"excerpt":{"rendered":"<p>Orzo in cialde confezionate singolarmente. Confezione da 50 cialde.<\/p>\n<p><strong>MOMENTANEAMENTE NON DISPONIBILE<\/strong><\/p>\n","protected":false},"featured_media":31422,"comment_status":"open","ping_status":"closed","template":"","meta":[],"product_brand":[],"product_cat":[109,112],"product_tag":[],"class_list":{"0":"post-30547","1":"product","2":"type-product","3":"status-publish","4":"has-post-thumbnail","6":"product_cat-home","7":"product_cat-caffe-in-cialde","8":"pa_formato-cialdae_s_e_standardo44mm","10":"first","11":"instock","12":"taxable","13":"shipping-taxable","14":"purchasable","15":"product-type-simple"},"yoast_head":"<!-- This site is optimized with the Yoast SEO Premium plugin v26.6 (Yoast SEO v27.0) - https:\/\/yoast.com\/product\/yoast-seo-premium-wordpress\/ -->\n<title>Caff\u00e8 Donatello - 50 cialde di ORZO<\/title>\n<meta name=\"description\" content=\"Orzo in cialde confezionate singolarmente. Confezione da 50 cialde.\" \/>\n<meta name=\"robots\" content=\"index, follow, max-snippet:-1, max-image-preview:large, max-video-preview:-1\" \/>\n<link rel=\"canonical\" href=\"https:\/\/cd.unatemplate.com\/?product=orzo-50-cialde\" \/>\n<meta property=\"og:locale\" content=\"it_IT\" \/>\n<meta property=\"og:type\" content=\"article\" \/>\n<meta property=\"og:title\" content=\"ORZO, 50 cialde\" \/>\n<meta property=\"og:description\" content=\"Orzo in cialde confezionate singolarmente. Confezione da 50 cialde.\" \/>\n<meta property=\"og:url\" content=\"https:\/\/cd.unatemplate.com\/?product=orzo-50-cialde\" \/>\n<meta property=\"og:site_name\" content=\"Caff\u00e8 Donatello\" \/>\n<meta property=\"article:modified_time\" content=\"2026-02-17T08:24:42+00:00\" \/>\n<meta property=\"og:image\" content=\"https:\/\/cd.unatemplate.com\/wp-content\/uploads\/2026\/02\/Orzo-50-cialde.jpg\" \/>\n\t<meta property=\"og:image:width\" content=\"800\" \/>\n\t<meta property=\"og:image:height\" content=\"800\" \/>\n\t<meta property=\"og:image:type\" content=\"image\/jpeg\" \/>\n<meta name=\"twitter:card\" content=\"summary_large_image\" \/>\n<meta name=\"twitter:label1\" content=\"Prezzo\" \/>\n\t<meta name=\"twitter:data1\" content=\"14,50&nbsp;&euro;\" \/>\n\t<meta name=\"twitter:label2\" content=\"Disponibilit\u00e0\" \/>\n\t<meta name=\"twitter:data2\" content=\"In stock\" \/>\n<script type=\"application\/ld+json\" class=\"yoast-schema-graph\">{\"@context\":\"https:\/\/schema.org\",\"@graph\":[{\"@type\":[\"WebPage\",\"ItemPage\"],\"@id\":\"https:\/\/cd.unatemplate.com\/?product=orzo-50-cialde\",\"url\":\"https:\/\/cd.unatemplate.com\/?product=orzo-50-cialde\",\"name\":\"Caff\u00e8 Donatello - 50 cialde di ORZO\",\"isPartOf\":{\"@id\":\"https:\/\/cd.unatemplate.com\/#website\"},\"primaryImageOfPage\":{\"@id\":\"https:\/\/cd.unatemplate.com\/?product=orzo-50-cialde#primaryimage\"},\"image\":{\"@id\":\"https:\/\/cd.unatemplate.com\/?product=orzo-50-cialde#primaryimage\"},\"thumbnailUrl\":\"https:\/\/cd.unatemplate.com\/wp-content\/uploads\/2026\/02\/Orzo-50-cialde.jpg\",\"datePublished\":\"2026-02-17T08:21:01+00:00\",\"dateModified\":\"2026-02-17T08:24:42+00:00\",\"description\":\"Orzo in cialde confezionate singolarmente. Confezione da 50 cialde.\",\"breadcrumb\":{\"@id\":\"https:\/\/cd.unatemplate.com\/?product=orzo-50-cialde#breadcrumb\"},\"inLanguage\":\"it-IT\",\"potentialAction\":[{\"@type\":\"ReadAction\",\"target\":[\"https:\/\/cd.unatemplate.com\/?product=orzo-50-cialde\"]}]},{\"@type\":\"ImageObject\",\"inLanguage\":\"it-IT\",\"@id\":\"https:\/\/cd.unatemplate.com\/?product=orzo-50-cialde#primaryimage\",\"url\":\"https:\/\/cd.unatemplate.com\/wp-content\/uploads\/2026\/02\/Orzo-50-cialde.jpg\",\"contentUrl\":\"https:\/\/cd.unatemplate.com\/wp-content\/uploads\/2026\/02\/Orzo-50-cialde.jpg\",\"width\":800,\"height\":800},{\"@type\":\"BreadcrumbList\",\"@id\":\"https:\/\/cd.unatemplate.com\/?product=orzo-50-cialde#breadcrumb\",\"itemListElement\":[{\"@type\":\"ListItem\",\"position\":1,\"name\":\"Home\",\"item\":\"https:\/\/cd.unatemplate.com\/\"},{\"@type\":\"ListItem\",\"position\":2,\"name\":\"Shop\",\"item\":\"https:\/\/cd.unatemplate.com\/?page_id=30263\"},{\"@type\":\"ListItem\",\"position\":3,\"name\":\"ORZO, 50 cialde\"}]},{\"@type\":\"WebSite\",\"@id\":\"https:\/\/cd.unatemplate.com\/#website\",\"url\":\"https:\/\/cd.unatemplate.com\/\",\"name\":\"Caff\u00e8 Donatello\",\"description\":\"\",\"potentialAction\":[{\"@type\":\"SearchAction\",\"target\":{\"@type\":\"EntryPoint\",\"urlTemplate\":\"https:\/\/cd.unatemplate.com\/?s={search_term_string}\"},\"query-input\":{\"@type\":\"PropertyValueSpecification\",\"valueRequired\":true,\"valueName\":\"search_term_string\"}}],\"inLanguage\":\"it-IT\"}]}<\/script>\n<meta property=\"product:price:amount\" content=\"14.50\" \/>\n<meta property=\"product:price:currency\" content=\"EUR\" \/>\n<meta property=\"og:availability\" content=\"instock\" \/>\n<meta property=\"product:availability\" content=\"instock\" \/>\n<meta property=\"product:condition\" content=\"new\" \/>\n<!-- \/ Yoast SEO Premium plugin. -->","yoast_head_json":{"title":"Caff\u00e8 Donatello - 50 cialde di ORZO","description":"Orzo in cialde confezionate singolarmente. Confezione da 50 cialde.","robots":{"index":"index","follow":"follow","max-snippet":"max-snippet:-1","max-image-preview":"max-image-preview:large","max-video-preview":"max-video-preview:-1"},"canonical":"https:\/\/cd.unatemplate.com\/?product=orzo-50-cialde","og_locale":"it_IT","og_type":"article","og_title":"ORZO, 50 cialde","og_description":"Orzo in cialde confezionate singolarmente. Confezione da 50 cialde.","og_url":"https:\/\/cd.unatemplate.com\/?product=orzo-50-cialde","og_site_name":"Caff\u00e8 Donatello","article_modified_time":"2026-02-17T08:24:42+00:00","og_image":[{"width":800,"height":800,"url":"https:\/\/cd.unatemplate.com\/wp-content\/uploads\/2026\/02\/Orzo-50-cialde.jpg","type":"image\/jpeg"}],"twitter_card":"summary_large_image","twitter_misc":{"Prezzo":"14,50&nbsp;&euro;","Disponibilit\u00e0":"In stock"},"schema":{"@context":"https:\/\/schema.org","@graph":[{"@type":["WebPage","ItemPage"],"@id":"https:\/\/cd.unatemplate.com\/?product=orzo-50-cialde","url":"https:\/\/cd.unatemplate.com\/?product=orzo-50-cialde","name":"Caff\u00e8 Donatello - 50 cialde di ORZO","isPartOf":{"@id":"https:\/\/cd.unatemplate.com\/#website"},"primaryImageOfPage":{"@id":"https:\/\/cd.unatemplate.com\/?product=orzo-50-cialde#primaryimage"},"image":{"@id":"https:\/\/cd.unatemplate.com\/?product=orzo-50-cialde#primaryimage"},"thumbnailUrl":"https:\/\/cd.unatemplate.com\/wp-content\/uploads\/2026\/02\/Orzo-50-cialde.jpg","datePublished":"2026-02-17T08:21:01+00:00","dateModified":"2026-02-17T08:24:42+00:00","description":"Orzo in cialde confezionate singolarmente. Confezione da 50 cialde.","breadcrumb":{"@id":"https:\/\/cd.unatemplate.com\/?product=orzo-50-cialde#breadcrumb"},"inLanguage":"it-IT","potentialAction":[{"@type":"ReadAction","target":["https:\/\/cd.unatemplate.com\/?product=orzo-50-cialde"]}]},{"@type":"ImageObject","inLanguage":"it-IT","@id":"https:\/\/cd.unatemplate.com\/?product=orzo-50-cialde#primaryimage","url":"https:\/\/cd.unatemplate.com\/wp-content\/uploads\/2026\/02\/Orzo-50-cialde.jpg","contentUrl":"https:\/\/cd.unatemplate.com\/wp-content\/uploads\/2026\/02\/Orzo-50-cialde.jpg","width":800,"height":800},{"@type":"BreadcrumbList","@id":"https:\/\/cd.unatemplate.com\/?product=orzo-50-cialde#breadcrumb","itemListElement":[{"@type":"ListItem","position":1,"name":"Home","item":"https:\/\/cd.unatemplate.com\/"},{"@type":"ListItem","position":2,"name":"Shop","item":"https:\/\/cd.unatemplate.com\/?page_id=30263"},{"@type":"ListItem","position":3,"name":"ORZO, 50 cialde"}]},{"@type":"WebSite","@id":"https:\/\/cd.unatemplate.com\/#website","url":"https:\/\/cd.unatemplate.com\/","name":"Caff\u00e8 Donatello","description":"","potentialAction":[{"@type":"SearchAction","target":{"@type":"EntryPoint","urlTemplate":"https:\/\/cd.unatemplate.com\/?s={search_term_string}"},"query-input":{"@type":"PropertyValueSpecification","valueRequired":true,"valueName":"search_term_string"}}],"inLanguage":"it-IT"}]},"product_price_amount":"14.50","product_price_currency":"EUR","og_availability":"instock","product_availability":"instock","product_condition":"new"},"_links":{"self":[{"href":"https:\/\/cd.unatemplate.com\/index.php?rest_route=\/wp\/v2\/product\/30547","targetHints":{"allow":["GET"]}}],"collection":[{"href":"https:\/\/cd.unatemplate.com\/index.php?rest_route=\/wp\/v2\/product"}],"about":[{"href":"https:\/\/cd.unatemplate.com\/index.php?rest_route=\/wp\/v2\/types\/product"}],"replies":[{"embeddable":true,"href":"https:\/\/cd.unatemplate.com\/index.php?rest_route=%2Fwp%2Fv2%2Fcomments&post=30547"}],"version-history":[{"count":2,"href":"https:\/\/cd.unatemplate.com\/index.php?rest_route=\/wp\/v2\/product\/30547\/revisions"}],"predecessor-version":[{"id":31421,"href":"https:\/\/cd.unatemplate.com\/index.php?rest_route=\/wp\/v2\/product\/30547\/revisions\/31421"}],"wp:featuredmedia":[{"embeddable":true,"href":"https:\/\/cd.unatemplate.com\/index.php?rest_route=\/wp\/v2\/media\/31422"}],"wp:attachment":[{"href":"https:\/\/cd.unatemplate.com\/index.php?rest_route=%2Fwp%2Fv2%2Fmedia&parent=30547"}],"wp:term":[{"taxonomy":"product_brand","embeddable":true,"href":"https:\/\/cd.unatemplate.com\/index.php?rest_route=%2Fwp%2Fv2%2Fproduct_brand&post=30547"},{"taxonomy":"product_cat","embeddable":true,"href":"https:\/\/cd.unatemplate.com\/index.php?rest_route=%2Fwp%2Fv2%2Fproduct_cat&post=30547"},{"taxonomy":"product_tag","embeddable":true,"href":"https:\/\/cd.unatemplate.com\/index.php?rest_route=%2Fwp%2Fv2%2Fproduct_tag&post=30547"}],"curies":[{"name":"wp","href":"https:\/\/api.w.org\/{rel}","templated":true}]}}